{"id":24531,"date":"2019-07-04T11:19:31","date_gmt":"2019-07-04T09:19:31","guid":{"rendered":"https:\/\/biocore-diagnostics.de\/ueber-uns\/"},"modified":"2023-06-13T21:02:02","modified_gmt":"2023-06-13T19:02:02","slug":"ueber-uns","status":"publish","type":"page","link":"https:\/\/biocore-diagnostics.de\/de\/ueber-uns\/","title":{"rendered":"\u00dcber uns"},"content":{"rendered":"<div class=\"wpb-content-wrapper\"><p>[vc_row][vc_column offset=&#8220;vc_hidden-sm vc_hidden-xs&#8220;]<div id=\"1582960385916-fec41edd-41ee\" class=\"dt-sc-empty-space\"><\/div>[\/vc_column][\/vc_row][vc_row gap=&#8220;35&#8243; equal_height=&#8220;yes&#8220; content_placement=&#8220;top&#8220;][vc_column width=&#8220;1\/2&#8243; el_class=&#8220;rs_col-sm-12&#8243;][vc_single_image image=&#8220;21649&#8243; img_size=&#8220;full&#8220; alignment=&#8220;center&#8220; style=&#8220;vc_box_shadow_3d&#8220; css_animation=&#8220;fadeInLeft&#8220; css=&#8220;.vc_custom_1669833804829{margin-bottom: 0px !important;}&#8220;][\/vc_column][vc_column width=&#8220;1\/2&#8243; el_class=&#8220;rs_col-sm-12&#8243;]<h2 class=\" \" data-delay='0'>Biocore Diagnostics GmbH<\/h2>[vc_column_text]<\/p>\n<p style=\"text-align: justify;\"><strong>Biocore diagnostics GmbH<\/strong> wurde 1994 in Hamburg gegr\u00fcndet und hat heute ihren Sitz in Bad Homburg. Wir vertreiben in-vitro- Diagnostika (IVDs), PCR-Kits, ELISAs, patentierte Kulturmedien (InPouch und InTray) f\u00fcr die Mikrobiologie und Schnelltests zur Bestimmung von Infektionserkrankungen, Hormonen, Autoimmunerkrankungen, und Tumormarkern. Verschiedene ELISA- und PCR- Panels f\u00fcr die Food und Feed Diagnostik werden von uns angeboten.<\/p>\n<p style=\"text-align: justify;\">Au\u00dferdem beliefern wir unsere Kunden mit ausgew\u00e4hlten Forschungsreagenzien f\u00fcr die Biotechnologie und den Life Science Bereich. Hinzu kommt eine gro\u00dfe Auswahl an Verbrauchsmaterialien und Laborausr\u00fcstungen.<\/p>\n<p style=\"text-align: justify;\">Unsere langj\u00e4hrige Markterfahrung in den Bereichen Health Care und Biomedical Research erlaubt es uns Ihnen eine gro\u00dfe Auswahl an Produkten f\u00fcr die Diagnose von Erkrankungen und f\u00fcr die biomedizinische Forschung anzubieten. Wir garantieren die Produktqualit\u00e4t und sind ein zuverl\u00e4ssiger Partner f\u00fcr unsere Kunden und bieten einen schnellen Lieferservice an. Vertrauen Sie auf unsere Erfahrung und Marktkenntnisse.<\/p>\n<p>[\/vc_column_text]<a href='https:\/\/biocore-diagnostics.de\/de\/kontakt\/' target='_self' title='Contact Us' class='dt-sc-button   large   filled rounded-corner  ' data-delay='0' > Kontaktieren Sie uns <\/a><div id=\"1579600257407-a2552c81-16b8\" class=\"dt-sc-empty-space\"><\/div>[\/vc_column][\/vc_row]<\/p>\n<\/div>","protected":false},"excerpt":{"rendered":"<p>[vc_row][vc_column offset=&#8220;vc_hidden-sm vc_hidden-xs&#8220;][\/vc_column][\/vc_row][vc_row gap=&#8220;35&#8243; equal_height=&#8220;yes&#8220; content_placement=&#8220;top&#8220;][vc_column width=&#8220;1\/2&#8243; el_class=&#8220;rs_col-sm-12&#8243;][vc_single_image image=&#8220;21649&#8243; img_size=&#8220;full&#8220; alignment=&#8220;center&#8220; style=&#8220;vc_box_shadow_3d&#8220; css_animation=&#8220;fadeInLeft&#8220; css=&#8220;.vc_custom_1669833804829{margin-bottom: 0px !important;}&#8220;][\/vc_column][vc_column width=&#8220;1\/2&#8243; el_class=&#8220;rs_col-sm-12&#8243;][vc_column_text] Biocore diagnostics GmbH wurde 1994 in Hamburg gegr\u00fcndet und hat heute ihren Sitz in Bad Homburg. Wir vertreiben in-vitro- Diagnostika (IVDs), PCR-Kits, ELISAs, patentierte Kulturmedien (InPouch und InTray) f\u00fcr die Mikrobiologie und Schnelltests zur Bestimmung von Infektionserkrankungen, [&hellip;]<\/p>\n","protected":false},"author":1,"featured_media":0,"parent":0,"menu_order":0,"comment_status":"closed","ping_status":"closed","template":"","meta":{"_acf_changed":false,"footnotes":""},"class_list":["post-24531","page","type-page","status-publish","hentry"],"acf":[],"_links":{"self":[{"href":"https:\/\/biocore-diagnostics.de\/de\/wp-json\/wp\/v2\/pages\/24531","targetHints":{"allow":["GET"]}}],"collection":[{"href":"https:\/\/biocore-diagnostics.de\/de\/wp-json\/wp\/v2\/pages"}],"about":[{"href":"https:\/\/biocore-diagnostics.de\/de\/wp-json\/wp\/v2\/types\/page"}],"author":[{"embeddable":true,"href":"https:\/\/biocore-diagnostics.de\/de\/wp-json\/wp\/v2\/users\/1"}],"replies":[{"embeddable":true,"href":"https:\/\/biocore-diagnostics.de\/de\/wp-json\/wp\/v2\/comments?post=24531"}],"version-history":[{"count":0,"href":"https:\/\/biocore-diagnostics.de\/de\/wp-json\/wp\/v2\/pages\/24531\/revisions"}],"wp:attachment":[{"href":"https:\/\/biocore-diagnostics.de\/de\/wp-json\/wp\/v2\/media?parent=24531"}],"curies":[{"name":"wp","href":"https:\/\/api.w.org\/{rel}","templated":true}]}}