{"id":24558,"date":"2023-02-24T01:44:18","date_gmt":"2023-02-24T00:44:18","guid":{"rendered":"https:\/\/biocore-diagnostics.de\/enzymimmunoassays\/"},"modified":"2023-07-10T23:16:35","modified_gmt":"2023-07-10T21:16:35","slug":"enzymimmunoassays","status":"publish","type":"page","link":"https:\/\/biocore-diagnostics.de\/de\/produkte\/enzymimmunoassays\/","title":{"rendered":"Enzymimmunoassays"},"content":{"rendered":"<div class=\"wpb-content-wrapper\"><p>[vc_row full_width=&#8220;stretch_row&#8220; gap=&#8220;35&#8243; equal_height=&#8220;yes&#8220; content_placement=&#8220;top&#8220; bg_type=&#8220;grad&#8220; css=&#8220;.vc_custom_1677199019243{padding-top: 30px !important;padding-bottom: 30px !important;}&#8220; el_class=&#8220;reverse-mobile-up&#8220; bg_grad=&#8220;background: -webkit-gradient(linear, left top, left bottom, color-stop(0%, #FFFFFF), color-stop(50%, #FCF9FC));background: -moz-linear-gradient(top,#FFFFFF 0%,#FCF9FC 50%);background: -webkit-linear-gradient(top,#FFFFFF 0%,#FCF9FC 50%);background: -o-linear-gradient(top,#FFFFFF 0%,#FCF9FC 50%);background: -ms-linear-gradient(top,#FFFFFF 0%,#FCF9FC 50%);background: linear-gradient(top,#FFFFFF 0%,#FCF9FC 50%);&#8220;][vc_column width=&#8220;1\/2&#8243; css_animation=&#8220;fadeInLeft&#8220; el_class=&#8220;rs_col-sm-12&#8243;][vc_column_text]<a id=\"infectiousdiseases\"><\/a>[\/vc_column_text]<div class=\"ult-ih-container ult-adjust-bottom-margin imagetopres \" >\t<ul class=\"ult-ih-list \"  data-shape=\"circle\"  data-width=\"400\"  data-height=\"400\"  data-res_width=\"300\"  data-res_height=\"300\"  style=\"text-align:center; \"><li id=\"ult-ih-list-item-8616\" class=\"ult-ih-list-item\" style=\"height: 400px; width: 400px;  margin: 15px\"><div style=\"height: 400px; width: 400px; \" class=\"ult-ih-item ult-ih-effect2  ult-ih-left_to_right   \"><div class=\"ult-ih-image-block\" style=\"height: 400px; width: 400px; \">\t<div class=\"ult-ih-wrapper\" style=\"border-style: solid; border-color: rgba(255,255,255,0.2); border-width: 20px;\"><\/div>\t<img decoding=\"async\" class=\"ult-ih-image\" src=\"https:\/\/biocore-diagnostics.de\/wp-content\/uploads\/2023\/07\/biocore-diagnostics.de-germany-Infectious-diseases-min.jpg\" alt=\"biocore-diagnostics.de-germany-Infectious-diseases-Infektionsserologie\"><\/div><div class=\"ult-ih-info\" style=\"background-color: rgba(11,20,99,0.52); \">\t<div class=\"ult-ih-info-back\">\t<div class=\"ult-ih-content\">\t\t\t<div class=\"ult-ih-heading-block\" style=\"\">\t\t\t\t<h3 class=\"ult-ih-heading ult-responsive\" style=\"color:#ffffff;\"  data-ultimate-target='#ult-ih-list-item-8616 .ult-ih-heading'  data-responsive-json-new='{\"font-size\":\"desktop:22px;\",\"line-height\":\"desktop:28px;\"}' >Infektionsserologie<\/h3>\t\t\t<\/div>\t\t\t<div class=\"ult-ih-divider-block\" style=\"height:1px;\">\t\t\t\t<span class=\"ult-ih-line\" style=\"border-style:solid;border-color:rgba(255,255,255,0.75);width:100px;border-width:1px;\"><\/span>\t\t\t<\/div>\t\t\t<div class=\"ult-ih-description-block\" style=\"\">\t\t\t\t<div class=\"ult-ih-description ult-responsive\" style=\"color:#bbbbbb;\"  data-ultimate-target='#ult-ih-list-item-8616 .ult-ih-description, #ult-ih-list-item-8616 .ult-ih-description p'  data-responsive-json-new='{\"font-size\":\"desktop:12px;\",\"line-height\":\"desktop:18px;\"}' ><p>Enzymimmunoassays<\/p>\n\t\t\t\t<\/div>\t\t\t<\/div>\t<\/div>\t<\/div><\/div><\/div><\/li>\t<\/ul><\/div>[\/vc_column][vc_column width=&#8220;1\/2&#8243; css_animation=&#8220;fadeInRight&#8220; el_class=&#8220;rs_col-sm-12&#8243;]<div class='dt-sc-title with-vertical-solid-line  ' data-delay='0'><h1 class='dt-sc-main-heading'><span>Infektionsserologie<\/span><\/h1><p>Enzymimmunoassays<\/p><\/div>[vc_column_text css=&#8220;.vc_custom_1681334933675{margin-bottom: 20px !important;}&#8220;]<\/p>\n<p style=\"text-align: justify;\">Wir bieten innovative und hochwertige Elisa Kits von f\u00fchrenden Herstellern an. Die Produkte in diesem Bereich umfassen die Gebiete Virologie, z.B Dengue IgG\/IgM, Chikungunya IgG\/IgM , Hantavirus IgG\/IgM und Zikavirus IgM, Bakteriologie z.B Borrelia, Legionella pneumophila, Leptospira, Parasitologie z.B. Chagas IgG, W\u00fcrmer und Pilze z.B. Aspergillus fumigatus IgG\/IgM. Der PAN Test, ein Multiscreening Assay zur gleichzeitigen Bestimmung von Treponema p., HCV, HIV und HIV1Ag-p24 Antik\u00f6rper in Serum bzw. Plasma ist neu im Programm.<\/p>\n<p>[\/vc_column_text][vc_separator css=&#8220;.vc_custom_1681333339087{margin-top: 0px !important;margin-bottom: 10px !important;}&#8220;][vc_column_text]<\/p>\n<p style=\"text-align: justify;\">Our CE-marked PANTEST is a multi-screening assay for the simultaneous qualitative detection of antibodies to Treponema pallidum, HCV and HIV, including HIV1Ag-p24, in any human serum or plasma specimen. Most infectious disease ELISA kits are CE-marked and can be used on a range of automated analysers.<\/p>\n<p>[\/vc_column_text]<div class='dt-sc-title mz-stripe-title  ' data-delay='0'><div class='mz-stripe-title-content'><h4 class='dt-sc-main-heading'>Product categories<\/h4><\/div><\/div>[vc_row_inner][vc_column_inner width=&#8220;1\/2&#8243;]<ul class='dt-sc-fancy-list    tag' data-delay='0'>\n<li><span style=\"color: #333333;\"><a style=\"color: #333333;\" href=\"\/Websites\/Biocore?page_id=25142#virology\">Virology<\/a><\/span><\/li>\n<li><span style=\"color: #333333;\"><a class=\"_ps2id\" style=\"color: #333333;\" href=\"\/Websites\/Biocore?page_id=25142#bacteriology\" data-ps2id-offset=\"\">Bacteriology<\/a><\/span><\/li>\n<li><span style=\"color: #333333;\"><a style=\"color: #333333;\" href=\"\/Websites\/Biocore?page_id=25142#parasitology\">Parasitology<\/a><\/span><\/li>\n<\/ul>[\/vc_column_inner][vc_column_inner width=&#8220;1\/2&#8243;]<ul class='dt-sc-fancy-list   topres tag' data-delay='0'>\n<li><span style=\"color: #333333;\"><a style=\"color: #333333;\" href=\"\/Websites\/Biocore?page_id=25142#worms\">Worms<\/a><\/span><\/li>\n<li><span style=\"color: #333333;\"><a style=\"color: #333333;\" href=\"\/Websites\/Biocore?page_id=25142#fungi\">Fungi<\/a><\/span><\/li>\n<\/ul>[\/vc_column_inner][\/vc_row_inner][vc_row_inner][vc_column_inner width=&#8220;2\/5&#8243;]<a href='https:\/\/biocore-diagnostics.de\/PDF\/produkte\/Enzyme-Immunoassays\/Infectious-diseases\/Infectious-Diseases.pdf' target='_blank' title='PDF Download' class='dt-sc-button   large icon-left with-icon  filled rounded-corner  olbtn' data-delay='0' ><span class='fas fa-angle-double-down'> <\/span> PDF-Datei <\/a><div id=\"1679600070839-b4d6d0af-50cc\" class=\"dt-sc-empty-space\"><\/div>[\/vc_column_inner][vc_column_inner width=&#8220;3\/5&#8243;]<a href='https:\/\/biocore-diagnostics.de\/de\/produkte\/enzymimmunoassays\/infektionsserologie\/' target='_self' title='Order list' class='dt-sc-button   large icon-left with-icon  filled rounded-corner  olbtn btnleft' data-delay='0' ><span class='fas fa-cart-plus'> <\/span> Produktliste <\/a>[vc_column_text]<a id=\"autoimmunediseases\"><\/a>[\/vc_column_text]<div id=\"1679600070940-e7f867f9-bc5e\" class=\"dt-sc-empty-space\"><\/div>[\/vc_column_inner][\/vc_row_inner][\/vc_column][\/vc_row][vc_row full_width=&#8220;stretch_row&#8220; bg_type=&#8220;bg_color&#8220; bg_color_value=&#8220;#fcf9fc&#8220;][vc_column][vc_separator][\/vc_column][\/vc_row][vc_row full_width=&#8220;stretch_row&#8220; gap=&#8220;35&#8243; equal_height=&#8220;yes&#8220; content_placement=&#8220;top&#8220; bg_type=&#8220;grad&#8220; css=&#8220;.vc_custom_1681340769941{padding-top: 30px !important;padding-bottom: 30px !important;}&#8220; bg_grad=&#8220;background: -webkit-gradient(linear, left top, left bottom, color-stop(0%, #FCF9FC), color-stop(50%, #FFFFFF));background: -moz-linear-gradient(top,#FCF9FC 0%,#FFFFFF 50%);background: -webkit-linear-gradient(top,#FCF9FC 0%,#FFFFFF 50%);background: -o-linear-gradient(top,#FCF9FC 0%,#FFFFFF 50%);background: -ms-linear-gradient(top,#FCF9FC 0%,#FFFFFF 50%);background: linear-gradient(top,#FCF9FC 0%,#FFFFFF 50%);&#8220; el_class=&#8220;reverse-mobile-order&#8220;][vc_column width=&#8220;1\/2&#8243; css_animation=&#8220;fadeInLeft&#8220; el_class=&#8220;rs_col-sm-12&#8243;]<div class='dt-sc-title with-vertical-solid-line  ' data-delay='0'><h1 class='dt-sc-main-heading'><span>Autoimmunerkrankungen<\/span><\/h1><p>Enzymimmunoassays<\/p><\/div>[vc_column_text css=&#8220;.vc_custom_1681334956481{margin-bottom: 20px !important;}&#8220;]<\/p>\n<p style=\"text-align: justify;\">Ein vollst\u00e4ndiges ELISA Panel f\u00fcr Bestimmungen im Bereich Autoimmunerkrankungen, sowohl f\u00fcr die Forschung als auch f\u00fcr die Routine, finden Sie in unserem Produktkatalog. Alle Kits sind nach dem AIDA CONCEPT aufgebaut, sind leicht automatisierbar und k\u00f6nnen gleichzeitig abgearbeitet werden. Spezielle Elisa Tests f\u00fcr die Diagnose von Gef\u00e4\u00dferkrankungen finden Sie unter den Stichworten Thrombose bzw. Vasculitis.<br \/>\nAnti-Thyroglobulin (a-Tg) und Anti-Thyroperoxidase (a-TPO) Autoantik\u00f6rper sind wichtige Marker f\u00fcr die Diagnose einer Thyroiditis. Erh\u00f6hte Thyroglobulinwerte (Tg) lassen sich bei einer Schilddr\u00fcsen\u00fcberfunktion aber auch bei Schilddr\u00fcsenkrebs nachweisen. Alle Schilddr\u00fcsentests sind gegen internationale Standards geeicht. Chronische Verdauungsinsuffizienz (Z\u00f6liakie) ist ein gro\u00dfes Gesundheitsproblem, sind doch bis zu 1% der Bev\u00f6lkerung in manchen Gebieten davon betroffen.<\/p>\n<p>[\/vc_column_text][vc_separator css=&#8220;.vc_custom_1681333339087{margin-top: 0px !important;margin-bottom: 10px !important;}&#8220;][vc_column_text]<\/p>\n<p style=\"text-align: justify;\">Lebererkrankungen, hervorgerufen durch Autoantik\u00f6rper, sind die prim\u00e4re bili\u00e4re Zirrhose (PBZ), die Autoimmunhepatitis und die prim\u00e4re sklerosierende Cholangitis. Das Autoimmuntestpanel f\u00fcr Lebererkrankungen beinhaltet eine Reihe von Elisa wie z.B. ANA, AMA, anti-mikrosomale Antik\u00f6rper und SLA\/LP Antik\u00f6rper<\/p>\n<p>[\/vc_column_text]<div class='dt-sc-title mz-stripe-title  ' data-delay='0'><div class='mz-stripe-title-content'><h4 class='dt-sc-main-heading'>Product categories<\/h4><\/div><\/div>[vc_row_inner][vc_column_inner width=&#8220;1\/2&#8243;]<ul class='dt-sc-fancy-list    tag' data-delay='0'>\n<li><span style=\"color: #333333;\"><a style=\"color: #333333;\" href=\"\/Websites\/Biocore?page_id=25136#rheumatlogy\">Rheumatlogy<\/a><\/span><\/li>\n<li><span style=\"color: #333333;\"><a style=\"color: #333333;\" href=\"\/Websites\/Biocore?page_id=25136#thrombosis\">Thrombosis<\/a><\/span><\/li>\n<li><span style=\"color: #333333;\"><a style=\"color: #333333;\" href=\"\/Websites\/Biocore?page_id=25136#vasculitis\">Vasculitis<\/a><\/span><\/li>\n<li><span style=\"color: #333333;\"><a style=\"color: #333333;\" href=\"\/Websites\/Biocore?page_id=25136#gastroenterology\">Gastroenterology<\/a><\/span><\/li>\n<\/ul>[\/vc_column_inner][vc_column_inner width=&#8220;1\/2&#8243;]<ul class='dt-sc-fancy-list   topres tag' data-delay='0'>\n<li><span style=\"color: #333333;\"><a style=\"color: #333333;\" href=\"\/Websites\/Biocore?page_id=25136#hepatology\">Hepatology<\/a><\/span><\/li>\n<li><span style=\"color: #333333;\"><a style=\"color: #333333;\" href=\"\/Websites\/Biocore?page_id=25136#miscellaneous\">Miscellaneous<\/a><\/span><\/li>\n<li><span style=\"color: #333333;\"><a style=\"color: #333333;\" href=\"\/Websites\/Biocore?page_id=25136#haemostasis\">Haemostasis<\/a><\/span><\/li>\n<\/ul>[\/vc_column_inner][\/vc_row_inner][vc_row_inner][vc_column_inner width=&#8220;2\/5&#8243;]<a href='https:\/\/biocore-diagnostics.de\/PDF\/produkte\/Enzyme-Immunoassays\/Autoimmun-diseases\/Autoimmune-diseases.pdf' target='_blank' title='PDF Download' class='dt-sc-button   large icon-left with-icon  filled rounded-corner  rmbtn' data-delay='0' ><span class='fas fa-angle-double-down'> <\/span> PDF-Datei <\/a><div id=\"1686594743274-f1f4d2e0-496d\" class=\"dt-sc-empty-space\"><\/div>[\/vc_column_inner][vc_column_inner width=&#8220;3\/5&#8243;]<a href='https:\/\/biocore-diagnostics.de\/de\/produkte\/enzymimmunoassays\/autoimmunerkrankungen\/' target='_self' title='Order list' class='dt-sc-button   large icon-left with-icon  filled rounded-corner  olbtn btnleft' data-delay='0' ><span class='fas fa-cart-plus'> <\/span> Produktliste <\/a>[vc_column_text]<a id=\"reproductivefunction\"><\/a>[\/vc_column_text]<div id=\"1681334383397-fa9b5b8c-3fcd\" class=\"dt-sc-empty-space\"><\/div>[\/vc_column_inner][\/vc_row_inner][\/vc_column][vc_column width=&#8220;1\/2&#8243; css_animation=&#8220;fadeInRight&#8220; el_class=&#8220;rs_col-sm-12&#8243;]<div id=\"1681334383257-efd05f1a-a6f1\" class=\"dt-sc-empty-space\"><\/div><div class=\"ult-ih-container ult-adjust-bottom-margin imagetopres \" >\t<ul class=\"ult-ih-list \"  data-shape=\"circle\"  data-width=\"400\"  data-height=\"400\"  data-res_width=\"300\"  data-res_height=\"300\"  style=\"text-align:center; \"><li id=\"ult-ih-list-item-3699\" class=\"ult-ih-list-item\" style=\"height: 400px; width: 400px;  margin: 15px\"><div style=\"height: 400px; width: 400px; \" class=\"ult-ih-item ult-ih-effect2  ult-ih-right_to_left   \"><div class=\"ult-ih-image-block\" style=\"height: 400px; width: 400px; \">\t<div class=\"ult-ih-wrapper\" style=\"border-style: solid; border-color: rgba(255,255,255,0.2); border-width: 20px;\"><\/div>\t<img decoding=\"async\" class=\"ult-ih-image\" src=\"https:\/\/biocore-diagnostics.de\/wp-content\/uploads\/2023\/07\/biocore-diagnostics.de-germany-Autoimmune-diseases-min.jpg\" alt=\"biocore-diagnostics.de-germany-Autoimmune-diseases-Autoimmunerkrankungen\"><\/div><div class=\"ult-ih-info\" style=\"background-color: rgba(11,20,99,0.52); \">\t<div class=\"ult-ih-info-back\">\t<div class=\"ult-ih-content\">\t\t\t<div class=\"ult-ih-heading-block\" style=\"\">\t\t\t\t<h3 class=\"ult-ih-heading ult-responsive\" style=\"color:#ffffff;\"  data-ultimate-target='#ult-ih-list-item-3699 .ult-ih-heading'  data-responsive-json-new='{\"font-size\":\"desktop:22px;\",\"line-height\":\"desktop:28px;\"}' >Autoimmunerkrankungen<\/h3>\t\t\t<\/div>\t\t\t<div class=\"ult-ih-divider-block\" style=\"height:1px;\">\t\t\t\t<span class=\"ult-ih-line\" style=\"border-style:solid;border-color:rgba(255,255,255,0.75);width:100px;border-width:1px;\"><\/span>\t\t\t<\/div>\t\t\t<div class=\"ult-ih-description-block\" style=\"\">\t\t\t\t<div class=\"ult-ih-description ult-responsive\" style=\"color:#bbbbbb;\"  data-ultimate-target='#ult-ih-list-item-3699 .ult-ih-description, #ult-ih-list-item-3699 .ult-ih-description p'  data-responsive-json-new='{\"font-size\":\"desktop:12px;\",\"line-height\":\"desktop:18px;\"}' ><p>Enzymimmunoassays<\/p>\n\t\t\t\t<\/div>\t\t\t<\/div>\t<\/div>\t<\/div><\/div><\/div><\/li>\t<\/ul><\/div>[\/vc_column][\/vc_row][vc_row full_width=&#8220;stretch_row&#8220; bg_type=&#8220;bg_color&#8220; bg_color_value=&#8220;#ffffff&#8220;][vc_column][vc_separator][\/vc_column][\/vc_row][vc_row full_width=&#8220;stretch_row&#8220; gap=&#8220;35&#8243; equal_height=&#8220;yes&#8220; content_placement=&#8220;top&#8220; bg_type=&#8220;grad&#8220; css=&#8220;.vc_custom_1677199019243{padding-top: 30px !important;padding-bottom: 30px !important;}&#8220; el_class=&#8220;reverse-mobile-up&#8220; bg_grad=&#8220;background: -webkit-gradient(linear, left top, left bottom, color-stop(0%, #FFFFFF), color-stop(50%, #FCF9FC));background: -moz-linear-gradient(top,#FFFFFF 0%,#FCF9FC 50%);background: -webkit-linear-gradient(top,#FFFFFF 0%,#FCF9FC 50%);background: -o-linear-gradient(top,#FFFFFF 0%,#FCF9FC 50%);background: -ms-linear-gradient(top,#FFFFFF 0%,#FCF9FC 50%);background: linear-gradient(top,#FFFFFF 0%,#FCF9FC 50%);&#8220;][vc_column width=&#8220;1\/2&#8243; css_animation=&#8220;fadeInLeft&#8220; el_class=&#8220;rs_col-sm-12&#8243;]<div class=\"ult-ih-container ult-adjust-bottom-margin imagetopres \" >\t<ul class=\"ult-ih-list \"  data-shape=\"circle\"  data-width=\"400\"  data-height=\"400\"  data-res_width=\"300\"  data-res_height=\"300\"  style=\"text-align:center; \"><li id=\"ult-ih-list-item-6744\" class=\"ult-ih-list-item\" style=\"height: 400px; width: 400px;  margin: 15px\"><div style=\"height: 400px; width: 400px; \" class=\"ult-ih-item ult-ih-effect2  ult-ih-left_to_right   \"><div class=\"ult-ih-image-block\" style=\"height: 400px; width: 400px; \">\t<div class=\"ult-ih-wrapper\" style=\"border-style: solid; border-color: rgba(255,255,255,0.2); border-width: 20px;\"><\/div>\t<img decoding=\"async\" class=\"ult-ih-image\" src=\"https:\/\/biocore-diagnostics.de\/wp-content\/uploads\/2023\/07\/biocore-diagnostics.de-germany-Reproductive-function-min.jpg\" alt=\"biocore-diagnostics.de-germany-Reproductive-function-Reproduktionsmedizin\"><\/div><div class=\"ult-ih-info\" style=\"background-color: rgba(11,20,99,0.52); \">\t<div class=\"ult-ih-info-back\">\t<div class=\"ult-ih-content\">\t\t\t<div class=\"ult-ih-heading-block\" style=\"\">\t\t\t\t<h3 class=\"ult-ih-heading ult-responsive\" style=\"color:#ffffff;\"  data-ultimate-target='#ult-ih-list-item-6744 .ult-ih-heading'  data-responsive-json-new='{\"font-size\":\"desktop:22px;\",\"line-height\":\"desktop:28px;\"}' >Reproduktionsmedizin<\/h3>\t\t\t<\/div>\t\t\t<div class=\"ult-ih-divider-block\" style=\"height:1px;\">\t\t\t\t<span class=\"ult-ih-line\" style=\"border-style:solid;border-color:rgba(255,255,255,0.75);width:100px;border-width:1px;\"><\/span>\t\t\t<\/div>\t\t\t<div class=\"ult-ih-description-block\" style=\"\">\t\t\t\t<div class=\"ult-ih-description ult-responsive\" style=\"color:#bbbbbb;\"  data-ultimate-target='#ult-ih-list-item-6744 .ult-ih-description, #ult-ih-list-item-6744 .ult-ih-description p'  data-responsive-json-new='{\"font-size\":\"desktop:12px;\",\"line-height\":\"desktop:18px;\"}' ><p>Enzymimmunoassays<\/p>\n\t\t\t\t<\/div>\t\t\t<\/div>\t<\/div>\t<\/div><\/div><\/div><\/li>\t<\/ul><\/div>[\/vc_column][vc_column width=&#8220;1\/2&#8243; css_animation=&#8220;fadeInRight&#8220; el_class=&#8220;rs_col-sm-12&#8243;]<div class='dt-sc-title with-vertical-solid-line  ' data-delay='0'><h1 class='dt-sc-main-heading'><span>Reproduktionsmedizin<\/span><\/h1><p>Enzymimmunoassays<\/p><\/div>[vc_column_text css=&#8220;.vc_custom_1681338608707{margin-bottom: 20px !important;}&#8220;]<\/p>\n<p style=\"text-align: justify;\">Emerging biomarkers for reproductive health. Reproductive functions are extremely important processes involved within all living organisms. Please have a look on Ansh Labs novel immunoassay test kits for <strong>reproductive function<\/strong> such as Anti-M\u00fcllerian hormone (AMH), Inhibin B, Inhibin A, Activin A, Follistatin, and other TGF-beta superfamily hormones involved in folliculogenesis<\/p>\n<p>[\/vc_column_text][vc_row_inner][vc_column_inner width=&#8220;2\/5&#8243;]<a href='https:\/\/biocore-diagnostics.de\/PDF\/produkte\/Enzyme-Immunoassays\/Reproduction-function\/Reproductive-Function.pdf' target='_blank' title='PDF Download' class='dt-sc-button   large icon-left with-icon  filled rounded-corner  olbtn' data-delay='0' ><span class='fas fa-angle-double-down'> <\/span> PDF-Datei <\/a><div id=\"1681338300186-c0a61838-af1c\" class=\"dt-sc-empty-space\"><\/div>[\/vc_column_inner][vc_column_inner width=&#8220;3\/5&#8243;]<a href='https:\/\/biocore-diagnostics.de\/de\/produkte\/enzymimmunoassays\/reproduktionsmedizin\/' target='_self' title='Order list' class='dt-sc-button   large icon-left with-icon  filled rounded-corner  olbtn btnleft' data-delay='0' ><span class='fas fa-cart-plus'> <\/span> Produktliste <\/a>[vc_column_text]<a id=\"histamineintolerance\"><\/a>[\/vc_column_text]<div id=\"1681338300298-2e124e2e-55ed\" class=\"dt-sc-empty-space\"><\/div>[\/vc_column_inner][\/vc_row_inner][\/vc_column][\/vc_row][vc_row full_width=&#8220;stretch_row&#8220; bg_type=&#8220;bg_color&#8220; bg_color_value=&#8220;#fcf9fc&#8220;][vc_column][vc_separator][\/vc_column][\/vc_row][vc_row full_width=&#8220;stretch_row&#8220; gap=&#8220;35&#8243; equal_height=&#8220;yes&#8220; content_placement=&#8220;top&#8220; bg_type=&#8220;grad&#8220; bg_grad=&#8220;background: -webkit-gradient(linear, left top, left bottom, color-stop(0%, #FCF9FC), color-stop(50%, #FFFFFF));background: -moz-linear-gradient(top,#FCF9FC 0%,#FFFFFF 50%);background: -webkit-linear-gradient(top,#FCF9FC 0%,#FFFFFF 50%);background: -o-linear-gradient(top,#FCF9FC 0%,#FFFFFF 50%);background: -ms-linear-gradient(top,#FCF9FC 0%,#FFFFFF 50%);background: linear-gradient(top,#FCF9FC 0%,#FFFFFF 50%);&#8220; el_class=&#8220;reverse-mobile-order&#8220; css=&#8220;.vc_custom_1688994998573{margin-bottom: -80px !important;padding-top: 30px !important;padding-bottom: 100px !important;}&#8220;][vc_column width=&#8220;1\/2&#8243; css_animation=&#8220;fadeInLeft&#8220; el_class=&#8220;rs_col-sm-12&#8243;]<div class='dt-sc-title with-vertical-solid-line  ' data-delay='0'><h1 class='dt-sc-main-heading'><span>Histaminintoleranz<\/span><\/h1><p>Enzymimmunoassays<\/p><\/div>[vc_column_text]<\/p>\n<p style=\"text-align: justify;\">Unter Histaminintoleranz versteht man einen Zustand, bei dem der K\u00f6rper zu viel Histamin produziert oder es nicht richtig abbauen kann. Dies kann zu Symptomen wie Verdauungsst\u00f6rungen, Kopfschmerzen, Juckreiz und Hautausschl\u00e4gen f\u00fchren.<\/p>\n<p>[\/vc_column_text][vc_row_inner][vc_column_inner width=&#8220;2\/5&#8243;]<a href='https:\/\/biocore-diagnostics.de\/PDF\/produkte\/Enzyme-Immunoassays\/Histamin-Intolerance\/Histamine-Intolerance.pdf' target='_blank' title='PDF Download' class='dt-sc-button   large icon-left with-icon  filled rounded-corner  rmbtn' data-delay='0' ><span class='fas fa-angle-double-down'> <\/span> PDF-Datei <\/a><div id=\"1677201253892-dbc209fe-6642\" class=\"dt-sc-empty-space\"><\/div>[\/vc_column_inner][vc_column_inner width=&#8220;3\/5&#8243;]<a href='https:\/\/biocore-diagnostics.de\/de\/produkte\/enzymimmunoassays\/histaminintoleranz\/' target='_self' title='Order list' class='dt-sc-button   large icon-left with-icon  filled rounded-corner  olbtn btnleft' data-delay='0' ><span class='fas fa-cart-plus'> <\/span> Produktliste <\/a><div id=\"1677201061543-9f1bb788-658a\" class=\"dt-sc-empty-space\"><\/div>[\/vc_column_inner][\/vc_row_inner][\/vc_column][vc_column width=&#8220;1\/2&#8243; css_animation=&#8220;fadeInRight&#8220; el_class=&#8220;rs_col-sm-12&#8243;]<div id=\"1677183203710-da5b9243-53ef\" class=\"dt-sc-empty-space\"><\/div><div class=\"ult-ih-container ult-adjust-bottom-margin imagetopres \" >\t<ul class=\"ult-ih-list \"  data-shape=\"circle\"  data-width=\"400\"  data-height=\"400\"  data-res_width=\"300\"  data-res_height=\"300\"  style=\"text-align:center; \"><li id=\"ult-ih-list-item-1374\" class=\"ult-ih-list-item\" style=\"height: 400px; width: 400px;  margin: 15px\"><div style=\"height: 400px; width: 400px; \" class=\"ult-ih-item ult-ih-effect2  ult-ih-right_to_left   \"><div class=\"ult-ih-image-block\" style=\"height: 400px; width: 400px; \">\t<div class=\"ult-ih-wrapper\" style=\"border-style: solid; border-color: rgba(255,255,255,0.2); border-width: 20px;\"><\/div>\t<img decoding=\"async\" class=\"ult-ih-image\" src=\"https:\/\/biocore-diagnostics.de\/wp-content\/uploads\/2023\/05\/biocore-diagnostics.de-Histamine-Intolerance_Slider2.jpg\" alt=\"biocore-diagnostics.de-Histamine-Intolerance_Slider2-Histaminintoleranz\"><\/div><div class=\"ult-ih-info\" style=\"background-color: rgba(11,20,99,0.52); \">\t<div class=\"ult-ih-info-back\">\t<div class=\"ult-ih-content\">\t\t\t<div class=\"ult-ih-heading-block\" style=\"\">\t\t\t\t<h3 class=\"ult-ih-heading ult-responsive\" style=\"color:#ffffff;\"  data-ultimate-target='#ult-ih-list-item-1374 .ult-ih-heading'  data-responsive-json-new='{\"font-size\":\"desktop:22px;\",\"line-height\":\"desktop:28px;\"}' >Histaminintoleranz<\/h3>\t\t\t<\/div>\t\t\t<div class=\"ult-ih-divider-block\" style=\"height:1px;\">\t\t\t\t<span class=\"ult-ih-line\" style=\"border-style:solid;border-color:rgba(255,255,255,0.75);width:100px;border-width:1px;\"><\/span>\t\t\t<\/div>\t\t\t<div class=\"ult-ih-description-block\" style=\"\">\t\t\t\t<div class=\"ult-ih-description ult-responsive\" style=\"color:#bbbbbb;\"  data-ultimate-target='#ult-ih-list-item-1374 .ult-ih-description, #ult-ih-list-item-1374 .ult-ih-description p'  data-responsive-json-new='{\"font-size\":\"desktop:12px;\",\"line-height\":\"desktop:18px;\"}' ><p>Enzymimmunoassays<\/p>\n\t\t\t\t<\/div>\t\t\t<\/div>\t<\/div>\t<\/div><\/div><\/div><\/li>\t<\/ul><\/div>[\/vc_column][\/vc_row]<\/p>\n<\/div>","protected":false},"excerpt":{"rendered":"<p>[vc_row full_width=&#8220;stretch_row&#8220; gap=&#8220;35&#8243; equal_height=&#8220;yes&#8220; content_placement=&#8220;top&#8220; bg_type=&#8220;grad&#8220; css=&#8220;.vc_custom_1677199019243{padding-top: 30px !important;padding-bottom: 30px !important;}&#8220; el_class=&#8220;reverse-mobile-up&#8220; bg_grad=&#8220;background: -webkit-gradient(linear, left top, left bottom, color-stop(0%, #FFFFFF), color-stop(50%, #FCF9FC));background: -moz-linear-gradient(top,#FFFFFF 0%,#FCF9FC 50%);background: -webkit-linear-gradient(top,#FFFFFF 0%,#FCF9FC 50%);background: -o-linear-gradient(top,#FFFFFF 0%,#FCF9FC 50%);background: -ms-linear-gradient(top,#FFFFFF 0%,#FCF9FC 50%);background: linear-gradient(top,#FFFFFF 0%,#FCF9FC 50%);&#8220;][vc_column width=&#8220;1\/2&#8243; css_animation=&#8220;fadeInLeft&#8220; el_class=&#8220;rs_col-sm-12&#8243;][vc_column_text][\/vc_column_text][\/vc_column][vc_column width=&#8220;1\/2&#8243; css_animation=&#8220;fadeInRight&#8220; el_class=&#8220;rs_col-sm-12&#8243;][vc_column_text css=&#8220;.vc_custom_1681334933675{margin-bottom: 20px !important;}&#8220;] Wir bieten innovative und hochwertige Elisa Kits von f\u00fchrenden [&hellip;]<\/p>\n","protected":false},"author":1,"featured_media":0,"parent":25131,"menu_order":0,"comment_status":"closed","ping_status":"closed","template":"","meta":{"_acf_changed":false,"footnotes":""},"class_list":["post-24558","page","type-page","status-publish","hentry"],"acf":[],"_links":{"self":[{"href":"https:\/\/biocore-diagnostics.de\/de\/wp-json\/wp\/v2\/pages\/24558","targetHints":{"allow":["GET"]}}],"collection":[{"href":"https:\/\/biocore-diagnostics.de\/de\/wp-json\/wp\/v2\/pages"}],"about":[{"href":"https:\/\/biocore-diagnostics.de\/de\/wp-json\/wp\/v2\/types\/page"}],"author":[{"embeddable":true,"href":"https:\/\/biocore-diagnostics.de\/de\/wp-json\/wp\/v2\/users\/1"}],"replies":[{"embeddable":true,"href":"https:\/\/biocore-diagnostics.de\/de\/wp-json\/wp\/v2\/comments?post=24558"}],"version-history":[{"count":0,"href":"https:\/\/biocore-diagnostics.de\/de\/wp-json\/wp\/v2\/pages\/24558\/revisions"}],"up":[{"embeddable":true,"href":"https:\/\/biocore-diagnostics.de\/de\/wp-json\/wp\/v2\/pages\/25131"}],"wp:attachment":[{"href":"https:\/\/biocore-diagnostics.de\/de\/wp-json\/wp\/v2\/media?parent=24558"}],"curies":[{"name":"wp","href":"https:\/\/api.w.org\/{rel}","templated":true}]}}