{"id":25092,"date":"2023-05-16T13:12:05","date_gmt":"2023-05-16T11:12:05","guid":{"rendered":"https:\/\/biocore-diagnostics.de\/agb\/"},"modified":"2025-10-07T14:43:03","modified_gmt":"2025-10-07T12:43:03","slug":"agb","status":"publish","type":"page","link":"https:\/\/biocore-diagnostics.de\/de\/agb\/","title":{"rendered":"AGB"},"content":{"rendered":"<div class=\"wpb-content-wrapper\"><p>[vc_row css_animation=&#8220;slideInDown&#8220; css=&#8220;.vc_custom_1675189012100{padding-top: 30px !important;padding-right: 30px !important;padding-left: 30px !important;background-color: #f2f2f2 !important;border-radius: 10px !important;}&#8220;][vc_column]<div id=\"1684236916036-f9c1a9e6-3edf\" class=\"dt-sc-empty-space\"><\/div>[vc_column_text css=&#8220;&#8220;]<b>Allgemeine Gesch\u00e4ftsbedingungen | Biocore Diagnostics GmbH<br \/>\n<\/b>Nachstehende Lieferbedingungen gelten ausschlie\u00dflich, auch wenn im Einzelfalle nicht darauf Bezug genommen wird.<br \/>\nMit der Entgegennahme der Ware erkl\u00e4rt sich der Besteller mit diesen Lieferbedingungen einverstanden.<br \/>\nAlle ausgelieferten Produkte sind nur f\u00fcr diagnostische oder wissenschaftliche Zwecke.<br \/>\nAlle Produkte sollten nur von gut ausgebildeten Personal verwendet werden.<\/p>\n<p><b>Angebote, Preise und Lieferung<br \/>\n<\/b>Alle Angebote sind freibleibend. Unsere Preise gelten ab Bad Homburg, ausschlie\u00dflich der jeweils g\u00fcltigen&nbsp; Mehrwertsteuer.<br \/>\nLieferzeitangaben gelten nur ann\u00e4hernd.<br \/>\nEreignisse h\u00f6herer Gewalt, sowie Streik, Aussperrung, Betriebsst\u00f6rungen, Verzug eines Vorlieferanten oder sonstige unvorhergesehene Umst\u00e4nde verl\u00e4ngern die Lieferzeit angemessen.<br \/>\nDie Lieferung selbst erfolgt grunds\u00e4tzlich auf Gefahr des Bestellers.<\/p>\n<p><b>Eigentumsvorbehalt<br \/>\n<\/b>Alle gelieferten Waren bleiben unser Eigentum bis zur Erf\u00fcllung aller Forderungen aus der Gesch\u00e4ftsverbindung<\/p>\n<p><b>M\u00e4ngel<br \/>\n<\/b>Die Ware ist sofort auf M\u00e4ngel zu untersuchen. Sichtbare M\u00e4ngel sind unverz\u00fcglich, jedoch sp\u00e4testens innerhalb von 10 Tagen nach Lieferung schriftlich bei uns anzuzeigen, andernfalls gilt die Ware als genehmigt.<br \/>\nBei berechtigter, fristgem\u00e4\u00dfer Beanstandung beheben wir den Mangel nach unserer Wahl innerhalb angemessener Frist durch kostenlosen Ersatz entsprechend der Anzahl an betroffenen Produkten.<\/p>\n<p>Sonstige Anspr\u00fcche des Bestellers, insbesondere auf Schadensersatz, sind soweit gesetzlich zul\u00e4ssig \u2013 ausgeschlossen.<\/p>\n<p><b>Haftungsausschluss<br \/>\n<\/b>Unsere Haftung richtet sich auch au\u00dferhalb der Gew\u00e4hrleistung ausschlie\u00dflich nach den vorstehend getroffenen Vereinbarungen. Alle dort nicht zugestandenen Anspr\u00fcche, auch Schadensersatzanspr\u00fcche aus Verschuldenshaftung, gleich aus welchem Rechtsgrund sind \u2013 soweit gesetzlich zul\u00e4ssig \u2013 ausgeschlossen.<\/p>\n<p><b>Zahlungsbedingungen<br \/>\n<\/b>Wir liefern gegen Vorkasse bei neuen Kunden, ansonsten ist das Zahlungsziel 30 Tage netto.<br \/>\nAlle Preise sind in EUR (\u20ac) oder US$ angegeben, ohne MwSt. und ab Lager Bad Homburg.<br \/>\nVersand erfolgt auf Kosten und Risiken des K\u00e4ufers.<\/p>\n<p>Bei \u00dcberschreitung des Zahlungszieles, wie bei Zahlungsverzug, sind wir berechtigt, bank\u00fcbliche Kreditzinsen zu berechnen. Unsere Forderungen werden sofort f\u00e4llig, wenn die Zahlungsbedingungen nicht eingehalten werden.<\/p>\n<p><b>K\u00e4uferpflichten<br \/>\n<\/b>Der K\u00e4ufer verpflichtet sich, Biocore Diagnostics unverz\u00fcglich \u00fcber alle Produktvorkommisse und Erkenntnisse, die ein Risiko f\u00fcr den Anwender, Patienten oder andere Personen bedeuten k\u00f6nnten, in schriftlicher Form zu informieren. Dies betrifft insbesondere auch solche Produktvorkommnisse und Ereignisse, die dem K\u00e4ufer von seinen Kunden und Endverbrauchern in Form von Reklamationen zugetragen werden.<\/p>\n<p>Zudem verpflichtet sich der K\u00e4ufer im Falle eines Produktvorkommnisses oder Produktr\u00fcckrufs nach \u00a73 und $5 der Medizinproduktesicherheitsplanverordnung, relevante Informationen von seitens Biocore Diagnostics seinen betroffenen Kunden und Endverbrauchern schriftlich mitzuteilen und zur Aufkl\u00e4rung des m\u00f6glichen Sachverhalts aktiv beizutragen.<\/p>\n<p>Dar\u00fcber hinaus f\u00fchrt der K\u00e4ufer angemessene Aufzeichnungen \u00fcber alle gelieferten Produkte, um eine eindeutige R\u00fcckverfolgbarkeit der Produkte bis zum Endverbraucher zu gew\u00e4hrleisten.<\/p>\n<p><b>Erf\u00fcllungsort und Gerichtsstand<br \/>\n<\/b>Erf\u00fcllungsort f\u00fcr alle sich aus dem Vertrag ergebenden Verbindlichkeiten ist 61348 Bad Homburg.<\/p>\n<p>Erg\u00e4nzend zu den Vertragsbestimmungen gilt ausschlie\u00dflich das Recht der Bundesrepublik Deutschland.<\/p>\n<p>Biocore diagnostics GmbH<br \/>\nLouisenstr. 137<br \/>\nD\u201061348 Bad Homburg<\/p>\n<p>Tel.: +49 (0) 6172-171020<br \/>\nFax: +49 (0) 6172-1710229<\/p>\n<p>E\u2010Mail:&nbsp;&nbsp;<a href=\"mailto:contact@biocore-diagnostics.com\">contact@biocore-diagnostics.com<\/a><br \/>\n<a href=\"https:\/\/www.biocore-diagnostics.de\/\">www.biocore-diagnostics.de<\/a>[\/vc_column_text]<div id=\"1684235303955-99f33176-73f9\" class=\"dt-sc-empty-space\"><\/div>[\/vc_column][\/vc_row]<\/p>\n<\/div>","protected":false},"excerpt":{"rendered":"<p>[vc_row css_animation=&#8220;slideInDown&#8220; css=&#8220;.vc_custom_1675189012100{padding-top: 30px !important;padding-right: 30px !important;padding-left: 30px !important;background-color: #f2f2f2 !important;border-radius: 10px !important;}&#8220;][vc_column][vc_column_text css=&#8220;&#8220;]Allgemeine Gesch\u00e4ftsbedingungen | Biocore Diagnostics GmbH Nachstehende Lieferbedingungen gelten ausschlie\u00dflich, auch wenn im Einzelfalle nicht darauf Bezug genommen wird. Mit der Entgegennahme der Ware erkl\u00e4rt sich der Besteller mit diesen Lieferbedingungen einverstanden. Alle ausgelieferten Produkte sind nur f\u00fcr diagnostische oder wissenschaftliche Zwecke. [&hellip;]<\/p>\n","protected":false},"author":1,"featured_media":0,"parent":0,"menu_order":0,"comment_status":"closed","ping_status":"closed","template":"","meta":{"_acf_changed":false,"footnotes":""},"class_list":["post-25092","page","type-page","status-publish","hentry"],"acf":[],"_links":{"self":[{"href":"https:\/\/biocore-diagnostics.de\/de\/wp-json\/wp\/v2\/pages\/25092","targetHints":{"allow":["GET"]}}],"collection":[{"href":"https:\/\/biocore-diagnostics.de\/de\/wp-json\/wp\/v2\/pages"}],"about":[{"href":"https:\/\/biocore-diagnostics.de\/de\/wp-json\/wp\/v2\/types\/page"}],"author":[{"embeddable":true,"href":"https:\/\/biocore-diagnostics.de\/de\/wp-json\/wp\/v2\/users\/1"}],"replies":[{"embeddable":true,"href":"https:\/\/biocore-diagnostics.de\/de\/wp-json\/wp\/v2\/comments?post=25092"}],"version-history":[{"count":1,"href":"https:\/\/biocore-diagnostics.de\/de\/wp-json\/wp\/v2\/pages\/25092\/revisions"}],"predecessor-version":[{"id":28366,"href":"https:\/\/biocore-diagnostics.de\/de\/wp-json\/wp\/v2\/pages\/25092\/revisions\/28366"}],"wp:attachment":[{"href":"https:\/\/biocore-diagnostics.de\/de\/wp-json\/wp\/v2\/media?parent=25092"}],"curies":[{"name":"wp","href":"https:\/\/api.w.org\/{rel}","templated":true}]}}