{"id":25106,"date":"2023-05-16T12:50:38","date_gmt":"2023-05-16T10:50:38","guid":{"rendered":"https:\/\/biocore-diagnostics.de\/impressum\/"},"modified":"2026-02-26T11:25:43","modified_gmt":"2026-02-26T10:25:43","slug":"impressum","status":"publish","type":"page","link":"https:\/\/biocore-diagnostics.de\/de\/impressum\/","title":{"rendered":"Impressum"},"content":{"rendered":"<div class=\"wpb-content-wrapper\"><p>[vc_row css_animation=&#8220;slideInDown&#8220; css=&#8220;.vc_custom_1675189012100{padding-top: 30px !important;padding-right: 30px !important;padding-left: 30px !important;background-color: #f2f2f2 !important;border-radius: 10px !important;}&#8220;][vc_column]<div id=\"1684236822185-bb47ce83-398a\" class=\"dt-sc-empty-space\"><\/div>[vc_column_text css=&#8220;&#8220;]<\/p>\n<h2>Impressum<\/h2>\n<p><strong>biocore diagnostics GmbH<br \/>\n<\/strong>Louisen Str. 137<br \/>\n61348 Bad Homburg <\/p>\n<p>Telefon: +49 6172-171020<br \/>\nFax: +49 6172-1710229<\/p>\n<p>E-Mail: <a href=\"mailto:contact@biocore-diagnostics.com\">contact@biocore-diagnostics.com<\/a><br \/>\nWebsite: <a href=\"https:\/\/www.biocore-diagnostics.de\/\">www.biocore-diagnostics.de<\/a><\/p>\n<p>Gesch\u00e4ftsf\u00fchrender Direktor: <strong>Adnan Dawoud<br \/>\n<\/strong>MwSt. ID-Nr.: <strong>DE 160003733<br \/>\n<\/strong>Handelsregister: <strong>HRB 11589<\/strong>[\/vc_column_text][vc_separator][vc_column_text]<\/p>\n<h4 class=\"rt_heading style-6\">Information Changes:<\/h4>\n<p style=\"text-align: justify;\">Diese Website enth\u00e4lt Produktinformationen. <strong>biocore<\/strong> diagnostics beh\u00e4lt sich das Recht vor, den Verkauf von Produkten einzustellen oder Preise zu \u00e4ndern, ohne den K\u00e4ufer dar\u00fcber zu informieren. Irrt\u00fcmer und Auslassungen sind vorbehalten. <\/p>\n<p>[\/vc_column_text][vc_separator][vc_column_text]<strong>Bilder:<\/strong><br \/>\n<a href=\"http:\/\/www.istockphoto.com\/\">http:\/\/www.istockphoto.com<\/a> | Vetta Stock Photo<br \/>\n\u00a9 fotoliaxrender &#8211; Fotolia.com[\/vc_column_text][vc_separator][vc_column_text]<\/p>\n<h4 class=\"rt_heading style-6\">Web design &amp; development:<\/h4>\n<p class=\"rt_heading style-6\"><a href=\"https:\/\/wesebo.de\/\" target=\"_blank\" rel=\"noopener noreferrer\"><img loading=\"lazy\" decoding=\"async\" src=\"https:\/\/wesebo.de\/Logo_B.svg\" alt=\"Wesebo Werbeagentur Frankfurt\" width=\"112\" height=\"36\" longdesc=\"https:\/\/www.biocore-diagnostics.de\/imprint\/Werbeagentur%20Frankfurt%20f%C3%BCr%20Webdesign%20&amp;%20Seo%20(Suchmaschinenoptimierung)\" align=\"middle\"><\/a><br \/>\nYour <a href=\"https:\/\/wesebo.de\/#Webdesign\">agency<\/a> for professional <a href=\"https:\/\/wesebo.de\/#Webdesign\">Web design<\/a>, <a href=\"https:\/\/wesebo.de\/#Webdesign\">web developing<\/a>, <a href=\"https:\/\/wesebo.de\/#Onlineshop\">online Shops<\/a> and <a href=\"https:\/\/wesebo.de\/#SEO\">SEO (search engine optimization)<\/a> in GER, Frankfurt am Main.[\/vc_column_text]<div id=\"1684236830207-77d5b1b4-02a0\" class=\"dt-sc-empty-space\"><\/div>[\/vc_column][\/vc_row]<\/p>\n<\/div>","protected":false},"excerpt":{"rendered":"<p>[vc_row css_animation=&#8220;slideInDown&#8220; css=&#8220;.vc_custom_1675189012100{padding-top: 30px !important;padding-right: 30px !important;padding-left: 30px !important;background-color: #f2f2f2 !important;border-radius: 10px !important;}&#8220;][vc_column][vc_column_text css=&#8220;&#8220;] Impressum biocore diagnostics GmbH Louisen Str. 137 61348 Bad Homburg Telefon: +49 6172-171020 Fax: +49 6172-1710229 E-Mail: contact@biocore-diagnostics.com Website: www.biocore-diagnostics.de Gesch\u00e4ftsf\u00fchrender Direktor: Adnan Dawoud MwSt. ID-Nr.: DE 160003733 Handelsregister: HRB 11589[\/vc_column_text][vc_separator][vc_column_text] Information Changes: Diese Website enth\u00e4lt Produktinformationen. biocore diagnostics beh\u00e4lt sich [&hellip;]<\/p>\n","protected":false},"author":1,"featured_media":0,"parent":0,"menu_order":0,"comment_status":"closed","ping_status":"closed","template":"","meta":{"_acf_changed":false,"footnotes":""},"class_list":["post-25106","page","type-page","status-publish","hentry"],"acf":[],"_links":{"self":[{"href":"https:\/\/biocore-diagnostics.de\/de\/wp-json\/wp\/v2\/pages\/25106","targetHints":{"allow":["GET"]}}],"collection":[{"href":"https:\/\/biocore-diagnostics.de\/de\/wp-json\/wp\/v2\/pages"}],"about":[{"href":"https:\/\/biocore-diagnostics.de\/de\/wp-json\/wp\/v2\/types\/page"}],"author":[{"embeddable":true,"href":"https:\/\/biocore-diagnostics.de\/de\/wp-json\/wp\/v2\/users\/1"}],"replies":[{"embeddable":true,"href":"https:\/\/biocore-diagnostics.de\/de\/wp-json\/wp\/v2\/comments?post=25106"}],"version-history":[{"count":3,"href":"https:\/\/biocore-diagnostics.de\/de\/wp-json\/wp\/v2\/pages\/25106\/revisions"}],"predecessor-version":[{"id":28384,"href":"https:\/\/biocore-diagnostics.de\/de\/wp-json\/wp\/v2\/pages\/25106\/revisions\/28384"}],"wp:attachment":[{"href":"https:\/\/biocore-diagnostics.de\/de\/wp-json\/wp\/v2\/media?parent=25106"}],"curies":[{"name":"wp","href":"https:\/\/api.w.org\/{rel}","templated":true}]}}