{"id":25139,"date":"2023-03-24T19:50:34","date_gmt":"2023-03-24T18:50:34","guid":{"rendered":"https:\/\/biocore-diagnostics.de\/produkte-2\/enzymimmunoassays\/histamine-intolerance\/"},"modified":"2023-06-21T19:23:09","modified_gmt":"2023-06-21T17:23:09","slug":"histaminintoleranz","status":"publish","type":"page","link":"https:\/\/biocore-diagnostics.de\/de\/produkte\/enzymimmunoassays\/histaminintoleranz\/","title":{"rendered":"Histaminintoleranz"},"content":{"rendered":"<div class=\"wpb-content-wrapper\"><p>[vc_row css_animation=&#8220;slideInDown&#8220; css=&#8220;.vc_custom_1675189012100{padding-top: 30px !important;padding-right: 30px !important;padding-left: 30px !important;background-color: #f2f2f2 !important;border-radius: 10px !important;}&#8220;][vc_column][vc_column_text]<\/p>\n<h2>Histaminintoleranz<\/h2>\n<p style=\"text-align: justify;\">Unter Histaminintoleranz versteht man einen Zustand, bei dem der K\u00f6rper zu viel Histamin produziert oder es nicht richtig abbauen kann. Dies kann zu Symptomen wie Verdauungsst\u00f6rungen, Kopfschmerzen, Juckreiz und Hautausschl\u00e4gen f\u00fchren.<\/p>\n<p>[\/vc_column_text]<a href='https:\/\/biocore-diagnostics.de\/PDF\/produkte\/Enzyme-Immunoassays\/Histamin-Intolerance\/Histamine-Intolerance.pdf' target='_blank' title='PDF Download' class='dt-sc-button   large icon-left with-icon  filled rounded-corner  ' data-delay='0' ><span class='fas fa-angle-double-down'> <\/span> PDF Download <\/a><div id=\"1685983482636-a8fa5e0e-6af9\" class=\"dt-sc-empty-space\"><\/div>[\/vc_column][\/vc_row][vc_row css_animation=&#8220;slideInUp&#8220;][vc_column][vc_column_text]        <div id=\"table_id_24383\" \r\n        data-page_number=\"1\"\r\n        class=\"normal_table_wrapper pagination_ detected_device__wrapper  wpt_temporary_wrapper_24383  wpt_id_24383  wpt_column_sort wpt_product_table_wrapper wpt-wrap none_wrapper woocommerce wpt_no_checked_table wpt_pagination_ajax wpt_device_desktop\"\r\n        data-unique_id=\"oslIaoSsrlAmityflCuogead\"\r\n        data-temp_number=\"24383\" \r\n        data-basic_settings=\"{&quot;checkout_url&quot;:false,&quot;add_to_cart&quot;:&quot;Add to cart&quot;,&quot;site_url&quot;:&quot;https:\\\/\\\/biocore-diagnostics.de&quot;,&quot;ajax_action&quot;:&quot;ajax_active&quot;,&quot;atts&quot;:{&quot;id&quot;:&quot;24383&quot;,&quot;name&quot;:&quot;Enzyme Immunoassays 8211 Histamine Intolerance&quot;}}\" >\r\n                    <div class=\"wpt-search-full-wrapper\">\r\n        <div id='search_box_24383' class='wpt_search_box search_box_24383 wpt-filter-type-select'><div class=\"search_box_fixer\"><h3 class=\"search_box_label\"><\/h3><div class='search_box_wrapper'><div class='search_single search_single_direct keyword-s-wrapper'><div class=\"search_single_search_by_keyword\"><label class=\"search_keyword_label single_keyword\" for=\"single_keyword_24383\"><\/label><input data-key=\"s\" value=\"\" class=\"query-keyword-input-box query_box_direct_value\" id=\"single_keyword_24383\" value=\"\" placeholder=\"Schnelle Produktsuche\"\/><\/div><\/div><\/div><button data-table_id=\"24383\" id=\"wpt_query_search_button_24383\" class=\"button wpt-search-products wpt_query_search_button_24383\">Search<\/button><\/div><\/div>        <\/div>\r\n                    <div class=\"wpt-stats-report\">\r\n                        <p class=\"wpt-stats-post-count\">\r\n                    <\/p>\r\n        <p class=\"wpt-stats-page-count\">\r\n                <\/p>\r\n                    <\/div>\r\n            <div class=\"wpt_table_tag_wrapper\">\r\n                <div class=\"wpt-ob_get_clean\"><\/div>\r\n                <!-- data-config_json attr is important for custom.js-->\r\n                                <table \r\n                data-temp_number=\"24383\"\r\n                data-config_json=\"{&quot;custom_message_on_single_page&quot;:true,&quot;disable_plugin_noti&quot;:&quot;on&quot;,&quot;footer_cart&quot;:&quot;always_hide&quot;,&quot;footer_cart_size&quot;:&quot;74&quot;,&quot;footer_bg_color&quot;:&quot;#076cec&quot;,&quot;footer_possition&quot;:&quot;bottom_right&quot;,&quot;item_count&quot;:&quot;all&quot;,&quot;sort_mini_filter&quot;:&quot;ASC&quot;,&quot;sort_searchbox_filter&quot;:&quot;0&quot;,&quot;custom_add_to_cart&quot;:&quot;add_cart_left_icon&quot;,&quot;thumbs_image_size&quot;:&quot;80&quot;,&quot;thumbs_lightbox&quot;:&quot;1&quot;,&quot;popup_notice&quot;:&quot;1&quot;,&quot;disable_cat_tag_link&quot;:&quot;1&quot;,&quot;product_link_target&quot;:&quot;_blank&quot;,&quot;product_not_founded&quot;:&quot;Product not found!&quot;,&quot;load_more_text&quot;:&quot;Load more&quot;,&quot;quick_view_btn_text&quot;:&quot;Quick View&quot;,&quot;loading_more_text&quot;:&quot;Loading..&quot;,&quot;search_button_text&quot;:&quot;Search&quot;,&quot;search_keyword_text&quot;:&quot;&quot;,&quot;disable_loading_more&quot;:&quot;load_more_hidden&quot;,&quot;instant_search_filter&quot;:&quot;0&quot;,&quot;empty_cart_text&quot;:&quot;Empty Cart&quot;,&quot;filter_text&quot;:&quot;Filter:&quot;,&quot;filter_reset_button&quot;:&quot;Reset&quot;,&quot;instant_search_text&quot;:&quot;&quot;,&quot;yith_browse_list&quot;:&quot;Browse the list&quot;,&quot;yith_add_to_quote_text&quot;:&quot;Produktanfrage&quot;,&quot;yith_add_to_quote_adding&quot;:&quot;Adding..&quot;,&quot;yith_add_to_quote_added&quot;:&quot;Quoted&quot;,&quot;item&quot;:&quot;Item&quot;,&quot;items&quot;:&quot;Items&quot;,&quot;add2cart_all_added_text&quot;:&quot;Added&quot;,&quot;right_combination_message&quot;:&quot;Not available&quot;,&quot;right_combination_message_alt&quot;:&quot;Product variations is not set Properly. May be: price is not inputted. may be: Out of Stock.&quot;,&quot;no_more_query_message&quot;:&quot;There is no more products based on current Query.&quot;,&quot;select_all_items_message&quot;:&quot;Please select all items.&quot;,&quot;please_choose_items&quot;:&quot;Please select some items.&quot;,&quot;out_of_stock_message&quot;:&quot;Out of Stock&quot;,&quot;adding_in_progress&quot;:&quot;Adding in Progress&quot;,&quot;no_right_combination&quot;:&quot;No Right Combination&quot;,&quot;sorry_out_of_stock&quot;:&quot;Sorry! Out of Stock!&quot;,&quot;type_your_message&quot;:&quot;Type your Message.&quot;,&quot;sorry_plz_right_combination&quot;:&quot;Sorry, Please choose right combination.&quot;,&quot;all_selected_direct_checkout&quot;:&quot;no&quot;,&quot;product_direct_checkout&quot;:&quot;no&quot;,&quot;search_box_title&quot;:&quot;&quot;,&quot;search_box_searchkeyword&quot;:&quot;Schnelle Produktsuche&quot;,&quot;search_box_orderby&quot;:&quot;Sort By&quot;,&quot;search_box_order&quot;:&quot;Order&quot;,&quot;search_order_placeholder&quot;:&quot;Select inner Item.&quot;,&quot;plugin_version&quot;:&quot;8.1.9&quot;,&quot;plugin_name&quot;:&quot;Product Table for WooCommerce - (WOO Product Table Pro)&quot;,&quot;archive_table_id&quot;:&quot;&quot;,&quot;table_view_switcher&quot;:&quot;on&quot;,&quot;variation_table_id&quot;:&quot;&quot;,&quot;variation_table_position&quot;:&quot;woocommerce_single_product_summary&quot;,&quot;advance_search_issue&quot;:&quot;on&quot;,&quot;advance_cascade_filter&quot;:&quot;on&quot;,&quot;footer_cart_template&quot;:&quot;none&quot;,&quot;query_by_url&quot;:&quot;0&quot;,&quot;search_box_sale&quot;:&quot;&quot;,&quot;wpt_show_variation_label&quot;:&quot;on&quot;}\"\r\n                data-data_json=\"\"\r\n                data-data_json_backup=\"\"\r\n                id=\"wpt_table\"\r\n                class=\"wpt-table-tag no_responsive normal_table device_for_colum wpt_temporary_table_24383 wpt_product_table wpt-tbl none_table  add_cart_left_icon playlist\">\r\n\r\n                        <thead style=\"\" class=\"wpt-thead-tag\">\r\n            <tr data-temp_number=\"24383\" class=\"wpt-tr-tag wpt_table_header_row wpt_table_head\">\r\n                        <th class=\"wpt-th-tag wpt_sku\" data-target_class=\"wpt_sku\">\r\n                Bestell-Nr.            <\/th>\r\n                        <th class=\"wpt-th-tag wpt_product_title\" data-target_class=\"wpt_product_title\">\r\n                Name des Produkts            <\/th>\r\n                        <th class=\"wpt-th-tag wpt_short_description\" data-target_class=\"wpt_short_description\">\r\n                Tests\/Size            <\/th>\r\n                        <th class=\"wpt-th-tag wpt_toggle_description\" data-target_class=\"wpt_toggle_description\">\r\n                Verwendungszweck            <\/th>\r\n                        <th class=\"wpt-th-tag wpt_quoterequest\" data-target_class=\"wpt_quoterequest\">\r\n                Angebotsanfrage            <\/th>\r\n                        <\/tr>\r\n        <\/thead>\r\n                        <tbody class=\"wpt-tbody-tag\">        <tr        class=\" wpt-tr-tag visible_row wpt_row wpt-row wpt_row_24383 wpt_row_serial_ wpt_row_product_id_23931 product_id_23931 no_filter simple product_type_simple stock_status_instock backorders_no sku_FD-THAK-192 status_publish not-individually-sold page_number-1\"\r\n        data-title=\"FD THAK\/THDC ELISA\"\r\n        id=\"product_id_23931\"\r\n        data-product_id=\"23931\"\r\n        data-temp_number=\"24383\"\r\n        page_number=\"1\"\r\n        data-type=\"simple\"\r\n        data-parent_id=\"0\"\r\n        data-quantity=\"1\"\r\n        data-href=\"https:\/\/biocore-diagnostics.de\/de\/produkt\/fd-thak-thdc-elisa\/\"\r\n        data-product_variations=\"[]\"\r\n        additional_json=\"\"\r\n                role=\"row\">\r\n                    <td class=\" wpt-td-tag td_or_cell no-inner wpt_sku wpt_temp_24383 type_default type_name_Default de_Bestell-Nr.\"\r\n            data-keyword=\"sku\" \r\n            data-temp_number=\"24383\" \r\n            data-sku=\"FD-THAK-192\"\r\n            data-title=\"Bestell-Nr.\"\r\n            style=\"\"\r\n            >\r\n                        <div \r\n            data-keyword=\"sku\"\r\n            data-title=\"Bestell-Nr.\"\r\n            data-sku=\"FD-THAK-192\"\r\n            class=\"item_sku_22584 item_EfqKGeQThi item_inside_cell wpt_sku autoresponsive-label-show\">\r\n                FD-THAK-192            <\/div>\r\n            \r\n                        <\/td><!--EndTd-->\r\n                        <td class=\" wpt-td-tag td_or_cell no-inner wpt_product_title wpt_temp_24383 type_default type_name_Default de_Name-des-Produkts variation_in_title_on\"\r\n            data-keyword=\"product_title\" \r\n            data-temp_number=\"24383\" \r\n            data-sku=\"FD-THAK-192\"\r\n            data-title=\"Name des Produkts\"\r\n            style=\"\"\r\n            >\r\n                        <div \r\n            data-keyword=\"product_title\"\r\n            data-title=\"Name des Produkts\"\r\n            data-sku=\"FD-THAK-192\"\r\n            class=\"item_product_title_22584 item_oiwGRIUJLS item_inside_cell wpt_product_title autoresponsive-label-show\">\r\n                <span class='wpt_product_title_in_td'>FD THAK\/THDC ELISA<\/span>            <\/div>\r\n            \r\n                        <\/td><!--EndTd-->\r\n                        <td class=\" wpt-td-tag td_or_cell no-inner wpt_short_description wpt_temp_24383 type_default type_name_Default\"\r\n            data-keyword=\"short_description\" \r\n            data-temp_number=\"24383\" \r\n            data-sku=\"FD-THAK-192\"\r\n            data-title=\"Tests\/Size\"\r\n            style=\"\"\r\n            >\r\n                        <div \r\n            data-keyword=\"short_description\"\r\n            data-title=\"Tests\/Size\"\r\n            data-sku=\"FD-THAK-192\"\r\n            class=\"item_short_description_23480 item_LTcmlMXKIW item_inside_cell wpt_short_description autoresponsive-label-show\">\r\n                192 T            <\/div>\r\n            \r\n                        <\/td><!--EndTd-->\r\n                        <td class=\" wpt-td-tag td_or_cell inner-available wpt_toggle_description wpt_temp_24383 type_default type_name_Default de_Verwendungszweck open_text_Description close_text_Description\"\r\n            data-keyword=\"toggle_description\" \r\n            data-temp_number=\"24383\" \r\n            data-sku=\"FD-THAK-192\"\r\n            data-title=\"Verwendungszweck\"\r\n            style=\"text-align: justify !important;font-size: 16 !important;font-style: 16 !important;font-weight: 300 !important;\"\r\n            >\r\n                        <div \r\n            data-keyword=\"toggle_description\"\r\n            data-title=\"Verwendungszweck\"\r\n            data-sku=\"FD-THAK-192\"\r\n            class=\"item_toggle_description_23480 item_xpbCFquSOY item_inside_cell wpt_toggle_description autoresponsive-label-show\">\r\n                <button \r\ndata-product_id=\"23931\" \r\nid=\"show-btn-product_id_23931\" \r\nclass=\"show-more-button button\" \r\ndata-col_count=\"5\"\r\ndata-open_text=\"Description\" \r\ndata-close_text=\"Description\">\r\n    <i class=\"wpt-note\"><\/i>Description<\/button>            <\/div>\r\n            \r\n            <div class='item_inside_cell wpt_description item_description_23480 item_mfeBlTTWGX' data-keyword='description' data-sku='FD-THAK-192' style='' >FD THAK\/THDC ELISA is a test for the determination of histamine degradation capacity in human serum samples without patient provocation\r\n<h4 style=\"margin-top: 15px;\">Manuals<\/h4>\r\n<a href=\"https:\/\/biocore-diagnostics.de\/PDF\/produkte\/Enzyme-Immunoassays\/Histamin-Intolerance\/FD-THAK-192.pdf\" target=\"_blank\" rel=\"noopener\"><button class=\"button\" style=\"background-color: #0c3e7d!important;\">PDF DOWNLOAD<\/button><\/a><\/div>            <\/td><!--EndTd-->\r\n                        <td class=\" wpt-td-tag td_or_cell no-inner wpt_quoterequest wpt_temp_24383 type_default type_name_Default de_Angebotsanfrage\"\r\n            data-keyword=\"quoterequest\" \r\n            data-temp_number=\"24383\" \r\n            data-sku=\"FD-THAK-192\"\r\n            data-title=\"Angebotsanfrage\"\r\n            style=\"text-align: center !important;\"\r\n            >\r\n                        <div \r\n            data-keyword=\"quoterequest\"\r\n            data-title=\"Angebotsanfrage\"\r\n            data-sku=\"FD-THAK-192\"\r\n            class=\"item_quoterequest_22584 item_AIDsGLRKfv item_inside_cell wpt_quoterequest autoresponsive-label-show\">\r\n                <a data-yith_browse_list='Browse the list' \r\n   data-response_msg='' \r\n   data-msg='{&quot;text&quot;:&quot;Produktanfrage&quot;,&quot;adding&quot;:&quot;Adding..&quot;,&quot;added&quot;:&quot;Quoted&quot;}' \r\n   data-wp_nonce='39209cfa03' \r\n   data-quote_data='' \r\n   data-variation='' \r\n   data-variation_id='' \r\n   data-product_id='23931' \r\n   class='enabled yith_request_temp_24383_id_23931 wpt_yith_add_to_quote_request wpt_add-request-quote-button button' \r\n   href='#' \r\n   data-quantity='1' \r\n   data-selector='yith_request_temp_24383_id_23931'>\r\n   Produktanfrage<\/a>\r\n            <\/div>\r\n            \r\n                        <\/td><!--EndTd-->\r\n                    <\/tr>\r\n                <tr        class=\" wpt-tr-tag visible_row wpt_row wpt-row wpt_row_24383 wpt_row_serial_ wpt_row_product_id_23932 product_id_23932 no_filter simple product_type_simple stock_status_instock backorders_no sku_FD E-3000 status_publish not-individually-sold page_number-1\"\r\n        data-title=\"FD HIS-SUB Elisa\"\r\n        id=\"product_id_23932\"\r\n        data-product_id=\"23932\"\r\n        data-temp_number=\"24383\"\r\n        page_number=\"1\"\r\n        data-type=\"simple\"\r\n        data-parent_id=\"0\"\r\n        data-quantity=\"1\"\r\n        data-href=\"https:\/\/biocore-diagnostics.de\/de\/produkt\/fd-his-sub-elisa\/\"\r\n        data-product_variations=\"[]\"\r\n        additional_json=\"\"\r\n                role=\"row\">\r\n                    <td class=\" wpt-td-tag td_or_cell no-inner wpt_sku wpt_temp_24383 type_default type_name_Default de_Bestell-Nr.\"\r\n            data-keyword=\"sku\" \r\n            data-temp_number=\"24383\" \r\n            data-sku=\"FD E-3000\"\r\n            data-title=\"Bestell-Nr.\"\r\n            style=\"\"\r\n            >\r\n                        <div \r\n            data-keyword=\"sku\"\r\n            data-title=\"Bestell-Nr.\"\r\n            data-sku=\"FD E-3000\"\r\n            class=\"item_sku_22584 item_EfqKGeQThi item_inside_cell wpt_sku autoresponsive-label-show\">\r\n                FD E-3000            <\/div>\r\n            \r\n                        <\/td><!--EndTd-->\r\n                        <td class=\" wpt-td-tag td_or_cell no-inner wpt_product_title wpt_temp_24383 type_default type_name_Default de_Name-des-Produkts variation_in_title_on\"\r\n            data-keyword=\"product_title\" \r\n            data-temp_number=\"24383\" \r\n            data-sku=\"FD E-3000\"\r\n            data-title=\"Name des Produkts\"\r\n            style=\"\"\r\n            >\r\n                        <div \r\n            data-keyword=\"product_title\"\r\n            data-title=\"Name des Produkts\"\r\n            data-sku=\"FD E-3000\"\r\n            class=\"item_product_title_22584 item_oiwGRIUJLS item_inside_cell wpt_product_title autoresponsive-label-show\">\r\n                <span class='wpt_product_title_in_td'>FD HIS-SUB Elisa<\/span>            <\/div>\r\n            \r\n                        <\/td><!--EndTd-->\r\n                        <td class=\" wpt-td-tag td_or_cell no-inner wpt_short_description wpt_temp_24383 type_default type_name_Default\"\r\n            data-keyword=\"short_description\" \r\n            data-temp_number=\"24383\" \r\n            data-sku=\"FD E-3000\"\r\n            data-title=\"Tests\/Size\"\r\n            style=\"\"\r\n            >\r\n                        <div \r\n            data-keyword=\"short_description\"\r\n            data-title=\"Tests\/Size\"\r\n            data-sku=\"FD E-3000\"\r\n            class=\"item_short_description_23480 item_LTcmlMXKIW item_inside_cell wpt_short_description autoresponsive-label-show\">\r\n                96 T            <\/div>\r\n            \r\n                        <\/td><!--EndTd-->\r\n                        <td class=\" wpt-td-tag td_or_cell inner-available wpt_toggle_description wpt_temp_24383 type_default type_name_Default de_Verwendungszweck open_text_Description close_text_Description\"\r\n            data-keyword=\"toggle_description\" \r\n            data-temp_number=\"24383\" \r\n            data-sku=\"FD E-3000\"\r\n            data-title=\"Verwendungszweck\"\r\n            style=\"text-align: justify !important;font-size: 16 !important;font-style: 16 !important;font-weight: 300 !important;\"\r\n            >\r\n                        <div \r\n            data-keyword=\"toggle_description\"\r\n            data-title=\"Verwendungszweck\"\r\n            data-sku=\"FD E-3000\"\r\n            class=\"item_toggle_description_23480 item_xpbCFquSOY item_inside_cell wpt_toggle_description autoresponsive-label-show\">\r\n                <button \r\ndata-product_id=\"23932\" \r\nid=\"show-btn-product_id_23932\" \r\nclass=\"show-more-button button\" \r\ndata-col_count=\"5\"\r\ndata-open_text=\"Description\" \r\ndata-close_text=\"Description\">\r\n    <i class=\"wpt-note\"><\/i>Description<\/button>            <\/div>\r\n            \r\n            <div class='item_inside_cell wpt_description item_description_23480 item_mfeBlTTWGX' data-keyword='description' data-sku='FD E-3000' style='' >Enzyme Immunoassay for the quantitative determination of Histamine in stool, urine and whole blood.\r\n<h4 style=\"margin-top: 15px;\">Manuals<\/h4>\r\n<a href=\"https:\/\/biocore-diagnostics.de\/PDF\/produkte\/Enzyme-Immunoassays\/Histamin-Intolerance\/FD-E-3000.pdf\" target=\"_blank\" rel=\"noopener\"><button class=\"button\" style=\"background-color: #0c3e7d!important;\">PDF DOWNLOAD<\/button><\/a><\/div>            <\/td><!--EndTd-->\r\n                        <td class=\" wpt-td-tag td_or_cell no-inner wpt_quoterequest wpt_temp_24383 type_default type_name_Default de_Angebotsanfrage\"\r\n            data-keyword=\"quoterequest\" \r\n            data-temp_number=\"24383\" \r\n            data-sku=\"FD E-3000\"\r\n            data-title=\"Angebotsanfrage\"\r\n            style=\"text-align: center !important;\"\r\n            >\r\n                        <div \r\n            data-keyword=\"quoterequest\"\r\n            data-title=\"Angebotsanfrage\"\r\n            data-sku=\"FD E-3000\"\r\n            class=\"item_quoterequest_22584 item_AIDsGLRKfv item_inside_cell wpt_quoterequest autoresponsive-label-show\">\r\n                <a data-yith_browse_list='Browse the list' \r\n   data-response_msg='' \r\n   data-msg='{&quot;text&quot;:&quot;Produktanfrage&quot;,&quot;adding&quot;:&quot;Adding..&quot;,&quot;added&quot;:&quot;Quoted&quot;}' \r\n   data-wp_nonce='d26c5f2a61' \r\n   data-quote_data='' \r\n   data-variation='' \r\n   data-variation_id='' \r\n   data-product_id='23932' \r\n   class='enabled yith_request_temp_24383_id_23932 wpt_yith_add_to_quote_request wpt_add-request-quote-button button' \r\n   href='#' \r\n   data-quantity='1' \r\n   data-selector='yith_request_temp_24383_id_23932'>\r\n   Produktanfrage<\/a>\r\n            <\/div>\r\n            \r\n                        <\/td><!--EndTd-->\r\n                    <\/tr>\r\n        <\/tbody>                <\/table>\r\n                \r\n\r\n\r\n            <\/div> <!-- \/.wpt_table_tag_wrapper -->\r\n            <style>\n.wpt_id_24383 tr.wpt_table_head th{background-color: #076cec !important;color: #ffffff !important;} \n.wpt_id_24383 .button{background-color: #076cec !important;color: #ffffff !important;} \n.wpt_id_24383 .button:hover{background-color: #35c7df !important;color: #ffffff !important;} \n.wpt_id_24383 a.wpt_woo_add_cart_button{background-color: #076cec !important;color: #ffffff !important;} \n.wpt_id_24383 a.wpt_woo_add_cart_button:hover{background-color: #35c7df !important;color: #ffffff !important;} \n\n<\/style>\r\n            \r\n        <\/div><!-- \/.main wrapper -->\r\n        \r\n        [\/vc_column_text][\/vc_column][\/vc_row]<\/p>\n<\/div>","protected":false},"excerpt":{"rendered":"<p>[vc_row css_animation=&#8220;slideInDown&#8220; css=&#8220;.vc_custom_1675189012100{padding-top: 30px !important;padding-right: 30px !important;padding-left: 30px !important;background-color: #f2f2f2 !important;border-radius: 10px !important;}&#8220;][vc_column][vc_column_text] Histaminintoleranz Unter Histaminintoleranz versteht man einen Zustand, bei dem der K\u00f6rper zu viel Histamin produziert oder es nicht richtig abbauen kann. Dies kann zu Symptomen wie Verdauungsst\u00f6rungen, Kopfschmerzen, Juckreiz und Hautausschl\u00e4gen f\u00fchren. [\/vc_column_text][\/vc_column][\/vc_row][vc_row css_animation=&#8220;slideInUp&#8220;][vc_column][vc_column_text][\/vc_column_text][\/vc_column][\/vc_row]<\/p>\n","protected":false},"author":1,"featured_media":0,"parent":24558,"menu_order":0,"comment_status":"closed","ping_status":"closed","template":"","meta":{"_acf_changed":false,"footnotes":""},"class_list":["post-25139","page","type-page","status-publish","hentry"],"acf":[],"_links":{"self":[{"href":"https:\/\/biocore-diagnostics.de\/de\/wp-json\/wp\/v2\/pages\/25139","targetHints":{"allow":["GET"]}}],"collection":[{"href":"https:\/\/biocore-diagnostics.de\/de\/wp-json\/wp\/v2\/pages"}],"about":[{"href":"https:\/\/biocore-diagnostics.de\/de\/wp-json\/wp\/v2\/types\/page"}],"author":[{"embeddable":true,"href":"https:\/\/biocore-diagnostics.de\/de\/wp-json\/wp\/v2\/users\/1"}],"replies":[{"embeddable":true,"href":"https:\/\/biocore-diagnostics.de\/de\/wp-json\/wp\/v2\/comments?post=25139"}],"version-history":[{"count":0,"href":"https:\/\/biocore-diagnostics.de\/de\/wp-json\/wp\/v2\/pages\/25139\/revisions"}],"up":[{"embeddable":true,"href":"https:\/\/biocore-diagnostics.de\/de\/wp-json\/wp\/v2\/pages\/24558"}],"wp:attachment":[{"href":"https:\/\/biocore-diagnostics.de\/de\/wp-json\/wp\/v2\/media?parent=25139"}],"curies":[{"name":"wp","href":"https:\/\/api.w.org\/{rel}","templated":true}]}}