{"id":25155,"date":"2023-02-24T02:47:04","date_gmt":"2023-02-24T01:47:04","guid":{"rendered":"https:\/\/biocore-diagnostics.de\/produkte-2\/medical-equipment\/"},"modified":"2023-06-21T19:36:24","modified_gmt":"2023-06-21T17:36:24","slug":"laborausruestung","status":"publish","type":"page","link":"https:\/\/biocore-diagnostics.de\/de\/produkte\/laborausruestung\/","title":{"rendered":"Laborausr\u00fcstung"},"content":{"rendered":"<div class=\"wpb-content-wrapper\"><p>[vc_row full_width=&#8220;stretch_row&#8220; gap=&#8220;35&#8243; equal_height=&#8220;yes&#8220; content_placement=&#8220;top&#8220; bg_type=&#8220;grad&#8220; css=&#8220;.vc_custom_1686656353646{margin-bottom: -100px !important;padding-top: 30px !important;padding-bottom: 100px !important;}&#8220; bg_grad=&#8220;background: -webkit-gradient(linear, left top, left bottom, color-stop(0%, #FFFFFF), color-stop(50%, #FCF9FC));background: -moz-linear-gradient(top,#FFFFFF 0%,#FCF9FC 50%);background: -webkit-linear-gradient(top,#FFFFFF 0%,#FCF9FC 50%);background: -o-linear-gradient(top,#FFFFFF 0%,#FCF9FC 50%);background: -ms-linear-gradient(top,#FFFFFF 0%,#FCF9FC 50%);background: linear-gradient(top,#FFFFFF 0%,#FCF9FC 50%);&#8220;][vc_column width=&#8220;1\/2&#8243; css_animation=&#8220;fadeInLeft&#8220; el_class=&#8220;rs_col-sm-12&#8243;][vc_column_text]<a id=\"standardlaboratoryequipment\"><\/a>[\/vc_column_text]<div class=\"ult-ih-container ult-adjust-bottom-margin imagetopres \" >\t<ul class=\"ult-ih-list \"  data-shape=\"circle\"  data-width=\"400\"  data-height=\"400\"  data-res_width=\"300\"  data-res_height=\"300\"  style=\"text-align:center; \"><li id=\"ult-ih-list-item-6903\" class=\"ult-ih-list-item\" style=\"height: 400px; width: 400px;  margin: 15px\"><div style=\"height: 400px; width: 400px; \" class=\"ult-ih-item ult-ih-effect2  ult-ih-left_to_right   \"><div class=\"ult-ih-image-block\" style=\"height: 400px; width: 400px; \">\t<div class=\"ult-ih-wrapper\" style=\"border-style: solid; border-color: rgba(255,255,255,0.2); border-width: 20px;\"><\/div>\t<img decoding=\"async\" class=\"ult-ih-image\" src=\"https:\/\/biocore-diagnostics.de\/wp-content\/uploads\/2023\/02\/Standardlaborausruestung.jpeg\" alt=\"null\"><\/div><div class=\"ult-ih-info\" style=\"background-color: rgba(11,20,99,0.52); \">\t<div class=\"ult-ih-info-back\">\t<div class=\"ult-ih-content\">\t\t\t<div class=\"ult-ih-heading-block\" style=\"\">\t\t\t\t<h3 class=\"ult-ih-heading ult-responsive\" style=\"color:#ffffff;\"  data-ultimate-target='#ult-ih-list-item-6903 .ult-ih-heading'  data-responsive-json-new='{\"font-size\":\"desktop:22px;\",\"line-height\":\"desktop:28px;\"}' >Standard-Laborausr\u00fcstung<\/h3>\t\t\t<\/div>\t\t\t<div class=\"ult-ih-divider-block\" style=\"height:1px;\">\t\t\t\t<span class=\"ult-ih-line\" style=\"border-style:solid;border-color:rgba(255,255,255,0.75);width:100px;border-width:1px;\"><\/span>\t\t\t<\/div>\t\t\t<div class=\"ult-ih-description-block\" style=\"\">\t\t\t\t<div class=\"ult-ih-description ult-responsive\" style=\"color:#bbbbbb;\"  data-ultimate-target='#ult-ih-list-item-6903 .ult-ih-description, #ult-ih-list-item-6903 .ult-ih-description p'  data-responsive-json-new='{\"font-size\":\"desktop:12px;\",\"line-height\":\"desktop:18px;\"}' ><p>Laborausr\u00fcstung<\/p>\n\t\t\t\t<\/div>\t\t\t<\/div>\t<\/div>\t<\/div><\/div><\/div><\/li>\t<\/ul><\/div>[\/vc_column][vc_column width=&#8220;1\/2&#8243; css_animation=&#8220;fadeInRight&#8220; el_class=&#8220;rs_col-sm-12&#8243;]<div class='dt-sc-title with-vertical-solid-line  ' data-delay='0'><h1 class='dt-sc-main-heading'><span>Standard-Laborausr\u00fcstung<\/span><\/h1><p>Laborausr\u00fcstung<\/p><\/div>[vc_column_text]<\/p>\n<p style=\"text-align: justify;\"><strong>Biocore<\/strong> ist ein Anbieter von Laborausr\u00fcstung von der Pipettenspitze bis zum komplexen Laboranalyseger\u00e4t. Einfach alles aus einer Hand.<\/p>\n<p>[\/vc_column_text][vc_column_text]<\/p>\n<h5 style=\"text-align: left;\">Wir bieten Produkte aus diesen Kategorien an:<\/h5>\n<p>[\/vc_column_text][vc_row_inner][vc_column_inner width=&#8220;1\/2&#8243;]<ul class='dt-sc-fancy-list    tag' data-delay='0'>\n<li>Inkubatoren &amp; \u00d6fen<\/li>\n<li>Wasserb\u00e4der &amp; Sch\u00fcttelwasserb\u00e4der<\/li>\n<li>Zentrifugen und Zubeh\u00f6r<\/li>\n<li>Laborwaagen inkl. analytische Waagen<\/li>\n<li>Wasseranalysatoren<\/li>\n<li>Spektralphotometer<\/li>\n<li>ELISA-Leseger\u00e4te<\/li>\n<li>Pipetten<\/li>\n<\/ul>[\/vc_column_inner][vc_column_inner width=&#8220;1\/2&#8243;]<ul class='dt-sc-fancy-list   topres tag' data-delay='0'>\n<li>Wasserdestillierger\u00e4te<\/li>\n<li>Sch\u00fcttler\/Mixer (Plattform, Vortex, etc.)<\/li>\n<li>Hotplates mit und ohne Magnetr\u00fchrer<\/li>\n<li>Autoklaven<\/li>\n<li>Laminarflow Werkb\u00e4nke<\/li>\n<li>Mikroskope<\/li>\n<li>M\u00f6bel (Wagen, Schr\u00e4nke usw.)<\/li>\n<\/ul>[\/vc_column_inner][\/vc_row_inner][\/vc_column][vc_column][vc_row_inner][vc_column_inner el_class=&#8220;topres2&#8243;][vc_column_text]<a id=\"pcrlaboratory\"><\/a>[\/vc_column_text][vc_column_text]<\/p>\n<h5 style=\"text-align: center;\">In addition to in vitro diagnostics, biocore also supplies the associated laboratory equipment and consumables to facilitate the procurement of materials for routine testing.<\/h5>\n<p>[\/vc_column_text][\/vc_column_inner][\/vc_row_inner][\/vc_column][\/vc_row][vc_row full_width=&#8220;stretch_row&#8220; bg_type=&#8220;bg_color&#8220; bg_color_value=&#8220;#fcf9fc&#8220;][vc_column][vc_separator]<div id=\"1677205096312-ae37fd48-c8df\" class=\"dt-sc-empty-space\"><\/div>[\/vc_column][\/vc_row][vc_row full_width=&#8220;stretch_row&#8220; gap=&#8220;35&#8243; equal_height=&#8220;yes&#8220; content_placement=&#8220;top&#8220; bg_type=&#8220;grad&#8220; css=&#8220;.vc_custom_1677197885508{padding-bottom: 30px !important;}&#8220; bg_grad=&#8220;background: -webkit-gradient(linear, left top, left bottom, color-stop(0%, #FCF9FC), color-stop(50%, #FFFFFF));background: -moz-linear-gradient(top,#FCF9FC 0%,#FFFFFF 50%);background: -webkit-linear-gradient(top,#FCF9FC 0%,#FFFFFF 50%);background: -o-linear-gradient(top,#FCF9FC 0%,#FFFFFF 50%);background: -ms-linear-gradient(top,#FCF9FC 0%,#FFFFFF 50%);background: linear-gradient(top,#FCF9FC 0%,#FFFFFF 50%);&#8220; el_class=&#8220;reverse-mobile-order&#8220;][vc_column width=&#8220;1\/2&#8243; css_animation=&#8220;fadeInLeft&#8220; el_class=&#8220;rs_col-sm-12&#8243;]<div class='dt-sc-title with-vertical-solid-line  ' data-delay='0'><h1 class='dt-sc-main-heading'><span>PCR-Laborausr\u00fcstung<\/span><\/h1><p>Laborausr\u00fcstung<\/p><\/div>[vc_column_text]<\/p>\n<p style=\"text-align: justify;\"><strong>Biocore<\/strong> hat sich zum Ziel gesetzt, sich als Anbieter von Komplettl\u00f6sungen f\u00fcr die molekulare Diagnostik zu etablieren. Neben vollautomatischen und modularen Ger\u00e4tesystemen f\u00fcr die Durchf\u00fchrung von Real-Time-PCR-Tests umfasst das Portfolio die in molekularbiologischen Laboren ben\u00f6tigte Grundausstattung wie Sicherheitswerkb\u00e4nke, Zentrifugen, Sch\u00fcttler, Waagen, Pipetten, Autoklaven, Inkubatoren und alle Arten von PCR-Plastikverbrauchsmaterialien.<\/p>\n<p>[\/vc_column_text]<div id=\"1677204828687-ea8d7f89-1c23\" class=\"dt-sc-empty-space\"><\/div>[\/vc_column][vc_column width=&#8220;1\/2&#8243; css_animation=&#8220;fadeInRight&#8220; el_class=&#8220;rs_col-sm-12&#8243;]<div id=\"1677203924967-baca6e09-da5a\" class=\"dt-sc-empty-space\"><\/div><div class=\"ult-ih-container ult-adjust-bottom-margin imagetopres \" >\t<ul class=\"ult-ih-list \"  data-shape=\"circle\"  data-width=\"400\"  data-height=\"400\"  data-res_width=\"300\"  data-res_height=\"300\"  style=\"text-align:center; \"><li id=\"ult-ih-list-item-1829\" class=\"ult-ih-list-item\" style=\"height: 400px; width: 400px;  margin: 15px\"><div style=\"height: 400px; width: 400px; \" class=\"ult-ih-item ult-ih-effect2  ult-ih-right_to_left   \"><div class=\"ult-ih-image-block\" style=\"height: 400px; width: 400px; \">\t<div class=\"ult-ih-wrapper\" style=\"border-style: solid; border-color: rgba(255,255,255,0.2); border-width: 20px;\"><\/div>\t<img decoding=\"async\" class=\"ult-ih-image\" src=\"https:\/\/biocore-diagnostics.de\/wp-content\/uploads\/2023\/02\/PCR_Labor.jpeg\" alt=\"null\"><\/div><div class=\"ult-ih-info\" style=\"background-color: rgba(11,20,99,0.52); \">\t<div class=\"ult-ih-info-back\">\t<div class=\"ult-ih-content\">\t\t\t<div class=\"ult-ih-heading-block\" style=\"\">\t\t\t\t<h3 class=\"ult-ih-heading ult-responsive\" style=\"color:#ffffff;\"  data-ultimate-target='#ult-ih-list-item-1829 .ult-ih-heading'  data-responsive-json-new='{\"font-size\":\"desktop:22px;\",\"line-height\":\"desktop:28px;\"}' >PCR-Laborausr\u00fcstung<\/h3>\t\t\t<\/div>\t\t\t<div class=\"ult-ih-divider-block\" style=\"height:1px;\">\t\t\t\t<span class=\"ult-ih-line\" style=\"border-style:solid;border-color:rgba(255,255,255,0.75);width:100px;border-width:1px;\"><\/span>\t\t\t<\/div>\t\t\t<div class=\"ult-ih-description-block\" style=\"\">\t\t\t\t<div class=\"ult-ih-description ult-responsive\" style=\"color:#bbbbbb;\"  data-ultimate-target='#ult-ih-list-item-1829 .ult-ih-description, #ult-ih-list-item-1829 .ult-ih-description p'  data-responsive-json-new='{\"font-size\":\"desktop:12px;\",\"line-height\":\"desktop:18px;\"}' ><p>Laborausr\u00fcstung<\/p>\n\t\t\t\t<\/div>\t\t\t<\/div>\t<\/div>\t<\/div><\/div><\/div><\/li>\t<\/ul><\/div>[\/vc_column][\/vc_row]<\/p>\n<\/div>","protected":false},"excerpt":{"rendered":"<p>[vc_row full_width=&#8220;stretch_row&#8220; gap=&#8220;35&#8243; equal_height=&#8220;yes&#8220; content_placement=&#8220;top&#8220; bg_type=&#8220;grad&#8220; css=&#8220;.vc_custom_1686656353646{margin-bottom: -100px !important;padding-top: 30px !important;padding-bottom: 100px !important;}&#8220; bg_grad=&#8220;background: -webkit-gradient(linear, left top, left bottom, color-stop(0%, #FFFFFF), color-stop(50%, #FCF9FC));background: -moz-linear-gradient(top,#FFFFFF 0%,#FCF9FC 50%);background: -webkit-linear-gradient(top,#FFFFFF 0%,#FCF9FC 50%);background: -o-linear-gradient(top,#FFFFFF 0%,#FCF9FC 50%);background: -ms-linear-gradient(top,#FFFFFF 0%,#FCF9FC 50%);background: linear-gradient(top,#FFFFFF 0%,#FCF9FC 50%);&#8220;][vc_column width=&#8220;1\/2&#8243; css_animation=&#8220;fadeInLeft&#8220; el_class=&#8220;rs_col-sm-12&#8243;][vc_column_text][\/vc_column_text][\/vc_column][vc_column width=&#8220;1\/2&#8243; css_animation=&#8220;fadeInRight&#8220; el_class=&#8220;rs_col-sm-12&#8243;][vc_column_text] Biocore ist ein Anbieter von Laborausr\u00fcstung von der Pipettenspitze bis zum [&hellip;]<\/p>\n","protected":false},"author":1,"featured_media":0,"parent":25131,"menu_order":0,"comment_status":"closed","ping_status":"closed","template":"","meta":{"_acf_changed":false,"footnotes":""},"class_list":["post-25155","page","type-page","status-publish","hentry"],"acf":[],"_links":{"self":[{"href":"https:\/\/biocore-diagnostics.de\/de\/wp-json\/wp\/v2\/pages\/25155","targetHints":{"allow":["GET"]}}],"collection":[{"href":"https:\/\/biocore-diagnostics.de\/de\/wp-json\/wp\/v2\/pages"}],"about":[{"href":"https:\/\/biocore-diagnostics.de\/de\/wp-json\/wp\/v2\/types\/page"}],"author":[{"embeddable":true,"href":"https:\/\/biocore-diagnostics.de\/de\/wp-json\/wp\/v2\/users\/1"}],"replies":[{"embeddable":true,"href":"https:\/\/biocore-diagnostics.de\/de\/wp-json\/wp\/v2\/comments?post=25155"}],"version-history":[{"count":0,"href":"https:\/\/biocore-diagnostics.de\/de\/wp-json\/wp\/v2\/pages\/25155\/revisions"}],"up":[{"embeddable":true,"href":"https:\/\/biocore-diagnostics.de\/de\/wp-json\/wp\/v2\/pages\/25131"}],"wp:attachment":[{"href":"https:\/\/biocore-diagnostics.de\/de\/wp-json\/wp\/v2\/media?parent=25155"}],"curies":[{"name":"wp","href":"https:\/\/api.w.org\/{rel}","templated":true}]}}