{"id":25158,"date":"2023-02-23T18:49:04","date_gmt":"2023-02-23T17:49:04","guid":{"rendered":"https:\/\/biocore-diagnostics.de\/produkte-2\/molekulare-diagnostik\/"},"modified":"2023-06-21T19:30:59","modified_gmt":"2023-06-21T17:30:59","slug":"molekulare-diagnostik","status":"publish","type":"page","link":"https:\/\/biocore-diagnostics.de\/de\/produkte\/molekulare-diagnostik\/","title":{"rendered":"Molekulare Diagnostik"},"content":{"rendered":"<div class=\"wpb-content-wrapper\"><p>[vc_row full_width=&#8220;stretch_row&#8220; gap=&#8220;35&#8243; equal_height=&#8220;yes&#8220; content_placement=&#8220;top&#8220; bg_type=&#8220;grad&#8220; css=&#8220;.vc_custom_1677210101524{padding-top: 30px !important;padding-bottom: 30px !important;}&#8220; el_class=&#8220;reverse-mobile-up&#8220; bg_grad=&#8220;background: -webkit-gradient(linear, left top, left bottom, color-stop(0%, #FFFFFF), color-stop(50%, #FCF9FC));background: -moz-linear-gradient(top,#FFFFFF 0%,#FCF9FC 50%);background: -webkit-linear-gradient(top,#FFFFFF 0%,#FCF9FC 50%);background: -o-linear-gradient(top,#FFFFFF 0%,#FCF9FC 50%);background: -ms-linear-gradient(top,#FFFFFF 0%,#FCF9FC 50%);background: linear-gradient(top,#FFFFFF 0%,#FCF9FC 50%);&#8220;][vc_column width=&#8220;1\/2&#8243; css_animation=&#8220;fadeInLeft&#8220; el_class=&#8220;rs_col-sm-12&#8243;][vc_column_text]<a id=\"pathogendiagnostics\"><\/a>[\/vc_column_text][vc_empty_space]<div class=\"ult-ih-container ult-adjust-bottom-margin imagetopres \" >\t<ul class=\"ult-ih-list \"  data-shape=\"circle\"  data-width=\"400\"  data-height=\"400\"  data-res_width=\"300\"  data-res_height=\"300\"  style=\"text-align:center; \"><li id=\"ult-ih-list-item-2964\" class=\"ult-ih-list-item\" style=\"height: 400px; width: 400px;  margin: 15px\"><div style=\"height: 400px; width: 400px; \" class=\"ult-ih-item ult-ih-effect2  ult-ih-left_to_right   \"><div class=\"ult-ih-image-block\" style=\"height: 400px; width: 400px; \">\t<div class=\"ult-ih-wrapper\" style=\"border-style: solid; border-color: rgba(255,255,255,0.2); border-width: 20px;\"><\/div>\t<img decoding=\"async\" class=\"ult-ih-image\" src=\"https:\/\/biocore-diagnostics.de\/wp-content\/uploads\/2023\/02\/Erregerdiagnostik-min.jpg\" alt=\"null\"><\/div><div class=\"ult-ih-info\" style=\"background-color: rgba(11,20,99,0.52); \">\t<div class=\"ult-ih-info-back\">\t<div class=\"ult-ih-content\">\t\t\t<div class=\"ult-ih-heading-block\" style=\"\">\t\t\t\t<h3 class=\"ult-ih-heading ult-responsive\" style=\"color:#ffffff;\"  data-ultimate-target='#ult-ih-list-item-2964 .ult-ih-heading'  data-responsive-json-new='{\"font-size\":\"desktop:22px;\",\"line-height\":\"desktop:28px;\"}' >Erregerdiagnostik<\/h3>\t\t\t<\/div>\t\t\t<div class=\"ult-ih-divider-block\" style=\"height:1px;\">\t\t\t\t<span class=\"ult-ih-line\" style=\"border-style:solid;border-color:rgba(255,255,255,0.75);width:100px;border-width:1px;\"><\/span>\t\t\t<\/div>\t\t\t<div class=\"ult-ih-description-block\" style=\"\">\t\t\t\t<div class=\"ult-ih-description ult-responsive\" style=\"color:#bbbbbb;\"  data-ultimate-target='#ult-ih-list-item-2964 .ult-ih-description, #ult-ih-list-item-2964 .ult-ih-description p'  data-responsive-json-new='{\"font-size\":\"desktop:12px;\",\"line-height\":\"desktop:18px;\"}' ><p>Nachweis und Genotypisierung von Humanpathogenen<\/p>\n\t\t\t\t<\/div>\t\t\t<\/div>\t<\/div>\t<\/div><\/div><\/div><\/li>\t<\/ul><\/div>[\/vc_column][vc_column width=&#8220;1\/2&#8243; css_animation=&#8220;fadeInRight&#8220; el_class=&#8220;rs_col-sm-12&#8243;]<div class='dt-sc-title with-vertical-solid-line  ' data-delay='0'><h1 class='dt-sc-main-heading'><span>Erregerdiagnostik<\/span><\/h1><p>Nachweis und Genotypisierung von Humanpathogenen<\/p><\/div>[vc_column_text]<\/p>\n<p style=\"text-align: justify;\"><strong>Biocores<\/strong> biocores molekulare Erregerdiagnostik, \u00fcberwiegend basierend auf single- oder multiplex Real Time-PCR, stellt eines der umfassendsten Angebote im Markt dar und ist unterteilt in Hepatitis Diagnostik und Genotypisierung (HBV, HCV, HDV, HEV), HIV, Humanes Papillomavirus (HPV), sexuell \u00fcbertragbare Erkrankungen, Herpes und TORCH Infektionen, respiratorische Erkrankungen und Tuberkulose, neurologische Infektionen, gastrointestinale Infektionen und Parasiten, Erkrankungen durch Zeckenbiss, Pilze und Hefen, neuentstandene Erkrankungen, bakterielle Infektionen\/Sepsis und Resistenzen. Alle Produkte weisen h\u00f6chste Qualit\u00e4tsstandards auf und sind kompatibel mit den am h\u00e4ufigsten weltweit angewandten PCR bzw. Real Time-PCR Ger\u00e4teplattformen im Markt. Die Produkte sind \u00fcberwiegend nach Europ\u00e4ischem Standard zugelassene CE-markierte in vitro Diagnostika f\u00fcr die humanmedizinische Anwendung.<\/p>\n<p>[\/vc_column_text][vc_row_inner][vc_column_inner width=&#8220;2\/5&#8243;]<a href='https:\/\/www.biocore-diagnostics.de\/PDF\/produkte\/MD_Pathogen_Ausschnitt.pdf' target='_blank' title='PDF Download' class='dt-sc-button   large icon-left with-icon  filled rounded-corner  ' data-delay='0' ><span class='fas fa-angle-double-down'> <\/span> PDF-Datei <\/a><div id=\"1679591195946-d81b34a3-0515\" class=\"dt-sc-empty-space  hide_on_sm  hide_on_xs\"><\/div>[\/vc_column_inner][vc_column_inner width=&#8220;3\/5&#8243;]<a href='https:\/\/biocore-diagnostics.de\/de\/produkte\/molekulare-diagnostik\/erregerdiagnostik\/' target='_self' title='Order list' class='dt-sc-button   large icon-left with-icon  filled rounded-corner  olbtn btnleft' data-delay='0' ><span class='fas fa-cart-plus'> <\/span> Produktliste <\/a>[vc_column_text]<\/p>\n<a id=\"oncology\"><\/a>\n<p>[\/vc_column_text]<div id=\"1679591196115-58bac9fc-3c93\" class=\"dt-sc-empty-space  hide_on_sm  hide_on_xs\"><\/div>[\/vc_column_inner][\/vc_row_inner][\/vc_column][\/vc_row][vc_row full_width=&#8220;stretch_row&#8220; bg_type=&#8220;bg_color&#8220; bg_color_value=&#8220;#fcf9fc&#8220;][vc_column][vc_separator el_class=&#8220;sepline&#8220;][\/vc_column][\/vc_row][vc_row full_width=&#8220;stretch_row&#8220; gap=&#8220;35&#8243; equal_height=&#8220;yes&#8220; content_placement=&#8220;top&#8220; bg_type=&#8220;grad&#8220; css=&#8220;.vc_custom_1679540042853{padding-bottom: 30px !important;}&#8220; bg_grad=&#8220;background: -webkit-gradient(linear, left top, left bottom, color-stop(0%, #FCF9FC), color-stop(50%, #FFFFFF));background: -moz-linear-gradient(top,#FCF9FC 0%,#FFFFFF 50%);background: -webkit-linear-gradient(top,#FCF9FC 0%,#FFFFFF 50%);background: -o-linear-gradient(top,#FCF9FC 0%,#FFFFFF 50%);background: -ms-linear-gradient(top,#FCF9FC 0%,#FFFFFF 50%);background: linear-gradient(top,#FCF9FC 0%,#FFFFFF 50%);&#8220; el_class=&#8220;reverse-mobile-order&#8220;][vc_column width=&#8220;1\/2&#8243; css_animation=&#8220;fadeInLeft&#8220; el_class=&#8220;rs_col-sm-12&#8243;]<div class='dt-sc-title with-vertical-solid-line  ' data-delay='0'><h1 class='dt-sc-main-heading'><span>Onkologie<\/span><\/h1><p>Molekulare Diagnostik<\/p><\/div><div id=\"1677199224815-87d512a3-77e1\" class=\"dt-sc-empty-space  hide_on_sm  hide_on_xs\"><\/div>[vc_column_text]<\/p>\n<p style=\"text-align: justify;\">Unter dem \u00dcberbegriff \u201e<strong>Onkologie<\/strong>\u201c bietet biocore eine breite Palette an Tumor-diagnostischen Tests f\u00fcr die fr\u00fchzeitige Diagnose bzw. das \u201efollow-up\u201c von Tumor-Patienten unter Therapie an. biocore bietet sowohl Screening Tests als auch quantitative Tests an, letztere sind besonders geeignet f\u00fcr Nachweis und follow-up der sog. minimalen Resterkrankung. Unter Minimaler Resterkrankung (MRD) versteht man eine kleine Anzahl residualler leuk\u00e4mischer oder solider Tumorzellen, die w\u00e4hrend oder nach der Behandlung im Patienten verbleiben, auch wenn sich der Patient in Remission befindet, d.h. keine Symptome oder Anzeichen einer Erkrankung mehr zeigt. Die MRD ist die Hauptursache f\u00fcr rezidivierende Tumoren nach abgeschlossener Behandlung. Besonders einzigartig sind die verf\u00fcgbaren hoch-multiplexen Real Time-PCR Tests zur simultanen Bestimmung von bis zu 30 verschiedenen Translokationen bei akuten und chronischen Leuk\u00e4mien mit nur einem Test (HemaVision\u00ae, Q-Fusion). Neben der Diagnostik von Leuk\u00e4mien k\u00f6nnen auch molekulare Marker verschiedener Karzinome und Sarkome diagnostisch nutzbar gemacht werden. Neben den MRD-Tests enth\u00e4lt die Rubrik auch eine Vielzahl von Tests zum Nachweis somatischer Mutation, die f\u00fcr die Behandlung verschiedener Tumoren von Bedeutung sind.<\/p>\n<p>[\/vc_column_text][vc_row_inner][vc_column_inner width=&#8220;2\/5&#8243;]<a href='https:\/\/www.biocore-diagnostics.de\/PDF\/produkte\/MD_Oncology_Ausschnitt.pdf' target='_blank' title='PDF Download' class='dt-sc-button   large icon-left with-icon  filled rounded-corner  ' data-delay='0' ><span class='fas fa-angle-double-down'> <\/span> PDF-Datei <\/a><div id=\"1681321704590-ff9f119f-e326\" class=\"dt-sc-empty-space  hide_on_sm  hide_on_xs\"><\/div>[\/vc_column_inner][vc_column_inner width=&#8220;3\/5&#8243;]<a href='https:\/\/biocore-diagnostics.de\/de\/produkte\/molekulare-diagnostik\/genetische-erkrankungen\/' target='_self' title='Order list' class='dt-sc-button   large icon-left with-icon  filled rounded-corner  olbtn btnleft' data-delay='0' ><span class='fas fa-cart-plus'> <\/span> Produktliste <\/a>[vc_column_text]<a id=\"geneticdiseases\"><\/a>[\/vc_column_text]<div id=\"1679540526841-8d59ec31-ca74\" class=\"dt-sc-empty-space  hide_on_sm  hide_on_xs\"><\/div>[\/vc_column_inner][\/vc_row_inner][\/vc_column][vc_column width=&#8220;1\/2&#8243; css_animation=&#8220;fadeInRight&#8220; el_class=&#8220;rs_col-sm-12&#8243;][vc_empty_space]<div class=\"ult-ih-container ult-adjust-bottom-margin imagetopres \" >\t<ul class=\"ult-ih-list \"  data-shape=\"circle\"  data-width=\"400\"  data-height=\"400\"  data-res_width=\"300\"  data-res_height=\"300\"  style=\"text-align:center; \"><li id=\"ult-ih-list-item-5009\" class=\"ult-ih-list-item\" style=\"height: 400px; width: 400px;  margin: 15px\"><div style=\"height: 400px; width: 400px; \" class=\"ult-ih-item ult-ih-effect2  ult-ih-right_to_left   \"><div class=\"ult-ih-image-block\" style=\"height: 400px; width: 400px; \">\t<div class=\"ult-ih-wrapper\" style=\"border-style: solid; border-color: rgba(255,255,255,0.2); border-width: 20px;\"><\/div>\t<img decoding=\"async\" class=\"ult-ih-image\" src=\"https:\/\/biocore-diagnostics.de\/wp-content\/uploads\/2023\/02\/Onkologie-2.jpeg\" alt=\"null\"><\/div><div class=\"ult-ih-info\" style=\"background-color: rgba(11,20,99,0.52); \">\t<div class=\"ult-ih-info-back\">\t<div class=\"ult-ih-content\">\t\t\t<div class=\"ult-ih-heading-block\" style=\"\">\t\t\t\t<h3 class=\"ult-ih-heading ult-responsive\" style=\"color:#ffffff;\"  data-ultimate-target='#ult-ih-list-item-5009 .ult-ih-heading'  data-responsive-json-new='{\"font-size\":\"desktop:22px;\",\"line-height\":\"desktop:28px;\"}' >Onkologie<\/h3>\t\t\t<\/div>\t\t\t<div class=\"ult-ih-divider-block\" style=\"height:1px;\">\t\t\t\t<span class=\"ult-ih-line\" style=\"border-style:solid;border-color:rgba(255,255,255,0.75);width:100px;border-width:1px;\"><\/span>\t\t\t<\/div>\t\t\t<div class=\"ult-ih-description-block\" style=\"\">\t\t\t\t<div class=\"ult-ih-description ult-responsive\" style=\"color:#bbbbbb;\"  data-ultimate-target='#ult-ih-list-item-5009 .ult-ih-description, #ult-ih-list-item-5009 .ult-ih-description p'  data-responsive-json-new='{\"font-size\":\"desktop:12px;\",\"line-height\":\"desktop:18px;\"}' ><p>Molekulare Diagnostik<\/p>\n\t\t\t\t<\/div>\t\t\t<\/div>\t<\/div>\t<\/div><\/div><\/div><\/li>\t<\/ul><\/div>[\/vc_column][\/vc_row][vc_row full_width=&#8220;stretch_row&#8220; bg_type=&#8220;bg_color&#8220; bg_color_value=&#8220;#ffffff&#8220;][vc_column][vc_separator][\/vc_column][\/vc_row][vc_row full_width=&#8220;stretch_row&#8220; gap=&#8220;35&#8243; equal_height=&#8220;yes&#8220; content_placement=&#8220;top&#8220; bg_type=&#8220;grad&#8220; css=&#8220;.vc_custom_1681323722664{margin-bottom: -80px !important;padding-top: 30px !important;padding-bottom: 100px !important;}&#8220; bg_grad=&#8220;background: -webkit-gradient(linear, left top, left bottom, color-stop(0%, #FFFFFF), color-stop(50%, #FCF9FC));background: -moz-linear-gradient(top,#FFFFFF 0%,#FCF9FC 50%);background: -webkit-linear-gradient(top,#FFFFFF 0%,#FCF9FC 50%);background: -o-linear-gradient(top,#FFFFFF 0%,#FCF9FC 50%);background: -ms-linear-gradient(top,#FFFFFF 0%,#FCF9FC 50%);background: linear-gradient(top,#FFFFFF 0%,#FCF9FC 50%);&#8220; el_class=&#8220;reverse-mobile-up&#8220;][vc_column width=&#8220;1\/2&#8243; css_animation=&#8220;fadeInLeft&#8220; el_class=&#8220;rs_col-sm-12&#8243;]<div class=\"ult-ih-container ult-adjust-bottom-margin imagetopres \" >\t<ul class=\"ult-ih-list \"  data-shape=\"circle\"  data-width=\"400\"  data-height=\"400\"  data-res_width=\"300\"  data-res_height=\"300\"  style=\"text-align:center; \"><li id=\"ult-ih-list-item-1332\" class=\"ult-ih-list-item\" style=\"height: 400px; width: 400px;  margin: 15px\"><div style=\"height: 400px; width: 400px; \" class=\"ult-ih-item ult-ih-effect2  ult-ih-left_to_right   \"><div class=\"ult-ih-image-block\" style=\"height: 400px; width: 400px; \">\t<div class=\"ult-ih-wrapper\" style=\"border-style: solid; border-color: rgba(255,255,255,0.2); border-width: 20px;\"><\/div>\t<img decoding=\"async\" class=\"ult-ih-image\" src=\"https:\/\/biocore-diagnostics.de\/wp-content\/uploads\/2023\/02\/Genetische_Erkrankungen.jpeg\" alt=\"null\"><\/div><div class=\"ult-ih-info\" style=\"background-color: rgba(11,20,99,0.52); \">\t<div class=\"ult-ih-info-back\">\t<div class=\"ult-ih-content\">\t\t\t<div class=\"ult-ih-heading-block\" style=\"\">\t\t\t\t<h3 class=\"ult-ih-heading ult-responsive\" style=\"color:#ffffff;\"  data-ultimate-target='#ult-ih-list-item-1332 .ult-ih-heading'  data-responsive-json-new='{\"font-size\":\"desktop:22px;\",\"line-height\":\"desktop:28px;\"}' >Genetische Erkrankungen<\/h3>\t\t\t<\/div>\t\t\t<div class=\"ult-ih-divider-block\" style=\"height:1px;\">\t\t\t\t<span class=\"ult-ih-line\" style=\"border-style:solid;border-color:rgba(255,255,255,0.75);width:100px;border-width:1px;\"><\/span>\t\t\t<\/div>\t\t\t<div class=\"ult-ih-description-block\" style=\"\">\t\t\t\t<div class=\"ult-ih-description ult-responsive\" style=\"color:#bbbbbb;\"  data-ultimate-target='#ult-ih-list-item-1332 .ult-ih-description, #ult-ih-list-item-1332 .ult-ih-description p'  data-responsive-json-new='{\"font-size\":\"desktop:12px;\",\"line-height\":\"desktop:18px;\"}' ><p>Humangenetische Erkrankungen und genetische Pr\u00e4dispositionen<\/p>\n\t\t\t\t<\/div>\t\t\t<\/div>\t<\/div>\t<\/div><\/div><\/div><\/li>\t<\/ul><\/div>[\/vc_column][vc_column width=&#8220;1\/2&#8243; css_animation=&#8220;fadeInRight&#8220; el_class=&#8220;rs_col-sm-12&#8243;]<div class='dt-sc-title with-vertical-solid-line  ' data-delay='0'><h1 class='dt-sc-main-heading'><span>Genetische Erkrankungen<\/span><\/h1><p>Humangenetische Erkrankungen und genetische Pr\u00e4dispositionen<\/p><\/div>[vc_column_text]<\/p>\n<p style=\"text-align: justify;\">Der Abschnitt \u201c<strong>Genetische Erkrankungen und Pr\u00e4dispositionen<\/strong>\u201c umfasst neben Tests zum Nachweis \u201eklassischer\u201c genetischer Erkrankungen wie Muskeldystrophie, Fragiles-X-Syndrom, Chorea Huntington, zystische Fibrose, etc. eine Vielzahl von Tests zum Nachweis genetischer Polymorphismen, die urs\u00e4chlich f\u00fcr Thrombophilie, kardiovaskul\u00e4re Erkrankungen sowie Diabetes und Fettleibigkeit verantwortlich sind. Dar\u00fcber hinaus enth\u00e4lt das Kapitel Tests f\u00fcr genetisch bedingte Resistenzen gegen\u00fcber bestimmten Pharmaka, wie z.B. Antikoagulantien, Warfarin, Antibiotika, anti-virale Therapie usw.<\/p>\n<p>[\/vc_column_text][vc_row_inner][vc_column_inner width=&#8220;2\/5&#8243;]<a href='https:\/\/www.biocore-diagnostics.de\/PDF\/produkte\/MD_Genetic-diseases_Ausschnitt.pdf' target='_blank' title='PDF Download' class='dt-sc-button   large icon-left with-icon  filled rounded-corner  ' data-delay='0' ><span class='fas fa-angle-double-down'> <\/span> PDF-Datei <\/a><div id=\"1679598136474-9da433e1-5a79\" class=\"dt-sc-empty-space  hide_on_sm  hide_on_xs\"><\/div>[\/vc_column_inner][vc_column_inner width=&#8220;3\/5&#8243;]<a href='https:\/\/biocore-diagnostics.de\/de\/produkte\/molekulare-diagnostik\/onkologie\/' target='_self' title='Order list' class='dt-sc-button   large icon-left with-icon  filled rounded-corner  olbtn btnleft' data-delay='0' ><span class='fas fa-cart-plus'> <\/span> Produktliste <\/a>[vc_column_text]<a id=\"hlaandbloodgrouptyping\"><\/a>[\/vc_column_text]<div id=\"1679598136622-2bdeae6d-d896\" class=\"dt-sc-empty-space  hide_on_sm  hide_on_xs\"><\/div>[\/vc_column_inner][\/vc_row_inner][\/vc_column][\/vc_row]<\/p>\n<\/div>","protected":false},"excerpt":{"rendered":"<p>[vc_row full_width=&#8220;stretch_row&#8220; gap=&#8220;35&#8243; equal_height=&#8220;yes&#8220; content_placement=&#8220;top&#8220; bg_type=&#8220;grad&#8220; css=&#8220;.vc_custom_1677210101524{padding-top: 30px !important;padding-bottom: 30px !important;}&#8220; el_class=&#8220;reverse-mobile-up&#8220; bg_grad=&#8220;background: -webkit-gradient(linear, left top, left bottom, color-stop(0%, #FFFFFF), color-stop(50%, #FCF9FC));background: -moz-linear-gradient(top,#FFFFFF 0%,#FCF9FC 50%);background: -webkit-linear-gradient(top,#FFFFFF 0%,#FCF9FC 50%);background: -o-linear-gradient(top,#FFFFFF 0%,#FCF9FC 50%);background: -ms-linear-gradient(top,#FFFFFF 0%,#FCF9FC 50%);background: linear-gradient(top,#FFFFFF 0%,#FCF9FC 50%);&#8220;][vc_column width=&#8220;1\/2&#8243; css_animation=&#8220;fadeInLeft&#8220; el_class=&#8220;rs_col-sm-12&#8243;][vc_column_text][\/vc_column_text][vc_empty_space][\/vc_column][vc_column width=&#8220;1\/2&#8243; css_animation=&#8220;fadeInRight&#8220; el_class=&#8220;rs_col-sm-12&#8243;][vc_column_text] Biocores biocores molekulare Erregerdiagnostik, \u00fcberwiegend basierend auf single- oder multiplex Real Time-PCR, [&hellip;]<\/p>\n","protected":false},"author":1,"featured_media":0,"parent":25131,"menu_order":0,"comment_status":"closed","ping_status":"closed","template":"","meta":{"_acf_changed":false,"footnotes":""},"class_list":["post-25158","page","type-page","status-publish","hentry"],"acf":[],"_links":{"self":[{"href":"https:\/\/biocore-diagnostics.de\/de\/wp-json\/wp\/v2\/pages\/25158","targetHints":{"allow":["GET"]}}],"collection":[{"href":"https:\/\/biocore-diagnostics.de\/de\/wp-json\/wp\/v2\/pages"}],"about":[{"href":"https:\/\/biocore-diagnostics.de\/de\/wp-json\/wp\/v2\/types\/page"}],"author":[{"embeddable":true,"href":"https:\/\/biocore-diagnostics.de\/de\/wp-json\/wp\/v2\/users\/1"}],"replies":[{"embeddable":true,"href":"https:\/\/biocore-diagnostics.de\/de\/wp-json\/wp\/v2\/comments?post=25158"}],"version-history":[{"count":0,"href":"https:\/\/biocore-diagnostics.de\/de\/wp-json\/wp\/v2\/pages\/25158\/revisions"}],"up":[{"embeddable":true,"href":"https:\/\/biocore-diagnostics.de\/de\/wp-json\/wp\/v2\/pages\/25131"}],"wp:attachment":[{"href":"https:\/\/biocore-diagnostics.de\/de\/wp-json\/wp\/v2\/media?parent=25158"}],"curies":[{"name":"wp","href":"https:\/\/api.w.org\/{rel}","templated":true}]}}