{"id":26483,"date":"2023-07-11T00:09:44","date_gmt":"2023-07-10T22:09:44","guid":{"rendered":"https:\/\/biocore-diagnostics.de\/?page_id=26483"},"modified":"2023-07-11T00:23:40","modified_gmt":"2023-07-10T22:23:40","slug":"mikrobiologie-kulturmedien","status":"publish","type":"page","link":"https:\/\/biocore-diagnostics.de\/de\/produkte\/mikrobiologie-kulturmedien\/","title":{"rendered":"Mikrobiologie \/ Kulturmedien"},"content":{"rendered":"<div class=\"wpb-content-wrapper\"><p>[vc_row full_width=&#8220;stretch_row&#8220; gap=&#8220;35&#8243; equal_height=&#8220;yes&#8220; content_placement=&#8220;top&#8220; bg_type=&#8220;grad&#8220; css=&#8220;.vc_custom_1681341956732{margin-bottom: -80px !important;padding-top: 30px !important;padding-bottom: 100px !important;}&#8220; el_class=&#8220;reverse-mobile-up&#8220; bg_grad=&#8220;background: -webkit-gradient(linear, left top, left bottom, color-stop(0%, #FFFFFF), color-stop(50%, #FCF9FC));background: -moz-linear-gradient(top,#FFFFFF 0%,#FCF9FC 50%);background: -webkit-linear-gradient(top,#FFFFFF 0%,#FCF9FC 50%);background: -o-linear-gradient(top,#FFFFFF 0%,#FCF9FC 50%);background: -ms-linear-gradient(top,#FFFFFF 0%,#FCF9FC 50%);background: linear-gradient(top,#FFFFFF 0%,#FCF9FC 50%);&#8220;][vc_column width=&#8220;1\/2&#8243; css_animation=&#8220;fadeInLeft&#8220; el_class=&#8220;rs_col-sm-12&#8243;]<div class=\"ult-ih-container ult-adjust-bottom-margin imagetopres \" >\t<ul class=\"ult-ih-list \"  data-shape=\"circle\"  data-width=\"400\"  data-height=\"400\"  data-res_width=\"300\"  data-res_height=\"300\"  style=\"text-align:center; \"><li id=\"ult-ih-list-item-4106\" class=\"ult-ih-list-item\" style=\"height: 400px; width: 400px;  margin: 15px\"><div style=\"height: 400px; width: 400px; \" class=\"ult-ih-item ult-ih-effect2  ult-ih-left_to_right   \"><div class=\"ult-ih-image-block\" style=\"height: 400px; width: 400px; \">\t<div class=\"ult-ih-wrapper\" style=\"border-style: solid; border-color: rgba(255,255,255,0.2); border-width: 20px;\"><\/div>\t<img decoding=\"async\" class=\"ult-ih-image\" src=\"https:\/\/biocore-diagnostics.de\/wp-content\/uploads\/2023\/02\/Diabetes_Hamostase_Entzundungsmarker.jpeg\" alt=\"null\"><\/div><div class=\"ult-ih-info\" style=\"background-color: rgba(11,20,99,0.52); \">\t<div class=\"ult-ih-info-back\">\t<div class=\"ult-ih-content\">\t\t\t<div class=\"ult-ih-heading-block\" style=\"\">\t\t\t\t<h3 class=\"ult-ih-heading ult-responsive\" style=\"color:#ffffff;\"  data-ultimate-target='#ult-ih-list-item-4106 .ult-ih-heading'  data-responsive-json-new='{\"font-size\":\"desktop:22px;\",\"line-height\":\"desktop:28px;\"}' >Mikrobiologie \/ Kulturmedien<\/h3>\t\t\t<\/div>\t\t\t<div class=\"ult-ih-divider-block\" style=\"height:1px;\">\t\t\t\t<span class=\"ult-ih-line\" style=\"border-style:solid;border-color:rgba(255,255,255,0.75);width:100px;border-width:1px;\"><\/span>\t\t\t<\/div>\t\t\t<div class=\"ult-ih-description-block\" style=\"\">\t\t\t\t<div class=\"ult-ih-description ult-responsive\" style=\"color:#bbbbbb;\"  data-ultimate-target='#ult-ih-list-item-4106 .ult-ih-description, #ult-ih-list-item-4106 .ult-ih-description p'  data-responsive-json-new='{\"font-size\":\"desktop:12px;\",\"line-height\":\"desktop:18px;\"}' >\t\t\t\t<\/div>\t\t\t<\/div>\t<\/div>\t<\/div><\/div><\/div><\/li>\t<\/ul><\/div>[\/vc_column][vc_column width=&#8220;1\/2&#8243; css_animation=&#8220;fadeInRight&#8220; el_class=&#8220;rs_col-sm-12&#8243;]<div class='dt-sc-title with-vertical-solid-line  ' data-delay='0'><h1 class='dt-sc-main-heading'><span>Mikrobiologie \/ Kulturmedien<\/span><\/h1><p><\/p><\/div>[vc_column_text]<\/p>\n<p style=\"text-align: justify;\">Hardy-N\u00e4hrmedien eignen sich besonders f\u00fcr den Nachweis von pathogenen Mikroorganismen wie Streptokokken, Listerien, Salmonellen, Candida, E. coli und Staphylokokken.<br \/>\nWir sind stolz darauf, einer der Distributoren von Hardy-Produkten in Europa zu sein und helfen Ihnen, Hardy-Produkte schnell und einfach zu erhalten. M\u00f6chten Sie Hardy-Produkte in Ihrem Testprogramm einsetzen? Hardy bietet Hunderte von Produkten f\u00fcr die klinische Diagnostik, Lebensmittelsicherheitstests und viele andere Bereiche an. Aufgrund der gro\u00dfen Anzahl von Produkten bitten wir Sie, f\u00fcr detaillierte Informationen direkt die Website von Hardy zu besuchen (www.hardydiagnostics.com) und sich mit uns in Verbindung zu setzen, wenn Sie eine Bestellung aufgeben m\u00f6chten.<\/p>\n<p>[\/vc_column_text][vc_row_inner][vc_column_inner width=&#8220;2\/5&#8243;]<a href='#__' target='_blank' title='PDF Download' class='dt-sc-button   large icon-left with-icon  filled rounded-corner  olbtn' data-delay='0' ><span class='fas fa-angle-double-down'> <\/span> PDF-Datei <\/a><div id=\"1681341628650-269195af-54b9\" class=\"dt-sc-empty-space\"><\/div>[\/vc_column_inner][vc_column_inner width=&#8220;3\/5&#8243;]<a href='https:\/\/biocore-diagnostics.de\/de\/produkte\/mikrobiologie-kulturmedien\/mikrobiologie-kulturmedien-produkte\/' target='_self' title='Order list' class='dt-sc-button   large icon-left with-icon  filled rounded-corner  olbtn btnleft' data-delay='0' ><span class='fas fa-cart-plus'> <\/span> Product list <\/a><div id=\"1681341628752-a54c1b32-dda3\" class=\"dt-sc-empty-space\"><\/div>[\/vc_column_inner][\/vc_row_inner][\/vc_column][\/vc_row]<\/p>\n<\/div>","protected":false},"excerpt":{"rendered":"<p>[vc_row full_width=&#8220;stretch_row&#8220; gap=&#8220;35&#8243; equal_height=&#8220;yes&#8220; content_placement=&#8220;top&#8220; bg_type=&#8220;grad&#8220; css=&#8220;.vc_custom_1681341956732{margin-bottom: -80px !important;padding-top: 30px !important;padding-bottom: 100px !important;}&#8220; el_class=&#8220;reverse-mobile-up&#8220; bg_grad=&#8220;background: -webkit-gradient(linear, left top, left bottom, color-stop(0%, #FFFFFF), color-stop(50%, #FCF9FC));background: -moz-linear-gradient(top,#FFFFFF 0%,#FCF9FC 50%);background: -webkit-linear-gradient(top,#FFFFFF 0%,#FCF9FC 50%);background: -o-linear-gradient(top,#FFFFFF 0%,#FCF9FC 50%);background: -ms-linear-gradient(top,#FFFFFF 0%,#FCF9FC 50%);background: linear-gradient(top,#FFFFFF 0%,#FCF9FC 50%);&#8220;][vc_column width=&#8220;1\/2&#8243; css_animation=&#8220;fadeInLeft&#8220; el_class=&#8220;rs_col-sm-12&#8243;][\/vc_column][vc_column width=&#8220;1\/2&#8243; css_animation=&#8220;fadeInRight&#8220; el_class=&#8220;rs_col-sm-12&#8243;][vc_column_text] Hardy-N\u00e4hrmedien eignen sich besonders f\u00fcr den Nachweis von pathogenen Mikroorganismen [&hellip;]<\/p>\n","protected":false},"author":1,"featured_media":0,"parent":25131,"menu_order":0,"comment_status":"closed","ping_status":"closed","template":"","meta":{"_acf_changed":false,"footnotes":""},"class_list":["post-26483","page","type-page","status-publish","hentry"],"acf":[],"_links":{"self":[{"href":"https:\/\/biocore-diagnostics.de\/de\/wp-json\/wp\/v2\/pages\/26483","targetHints":{"allow":["GET"]}}],"collection":[{"href":"https:\/\/biocore-diagnostics.de\/de\/wp-json\/wp\/v2\/pages"}],"about":[{"href":"https:\/\/biocore-diagnostics.de\/de\/wp-json\/wp\/v2\/types\/page"}],"author":[{"embeddable":true,"href":"https:\/\/biocore-diagnostics.de\/de\/wp-json\/wp\/v2\/users\/1"}],"replies":[{"embeddable":true,"href":"https:\/\/biocore-diagnostics.de\/de\/wp-json\/wp\/v2\/comments?post=26483"}],"version-history":[{"count":0,"href":"https:\/\/biocore-diagnostics.de\/de\/wp-json\/wp\/v2\/pages\/26483\/revisions"}],"up":[{"embeddable":true,"href":"https:\/\/biocore-diagnostics.de\/de\/wp-json\/wp\/v2\/pages\/25131"}],"wp:attachment":[{"href":"https:\/\/biocore-diagnostics.de\/de\/wp-json\/wp\/v2\/media?parent=26483"}],"curies":[{"name":"wp","href":"https:\/\/api.w.org\/{rel}","templated":true}]}}