{"id":28188,"date":"2025-04-10T10:36:17","date_gmt":"2025-04-10T08:36:17","guid":{"rendered":"https:\/\/biocore-diagnostics.de\/product\/natuerliches-eierschalen-calcium-zur-unterstuetzung-normaler-knochengesundheit-nahrungsergaenzungsmittel\/"},"modified":"2025-06-30T14:41:14","modified_gmt":"2025-06-30T12:41:14","slug":"natuerliches-eierschalen-calcium-zur-unterstuetzung-normaler-knochengesundheit-nahrungsergaenzungsmittel","status":"publish","type":"product","link":"https:\/\/biocore-diagnostics.de\/de\/produkt\/natuerliches-eierschalen-calcium-zur-unterstuetzung-normaler-knochengesundheit-nahrungsergaenzungsmittel\/","title":{"rendered":"Maxx-Calzium Nat\u00fcrliches Eierschalen-Calcium zur Unterst\u00fctzung normaler Knochengesundheit | Nahrungserg\u00e4nzungsmittel"},"content":{"rendered":"<div class=\"wpb-content-wrapper\"><p>[vc_row][vc_column][vc_column_text css=&#8220;&#8220;]Maxx-Calzium\u2122 ist ein Eierschalenkalzium von nachhaltiger Qualit\u00e4t Nahrungserg\u00e4nzungsmittel, das zur Erhaltung normaler Knochen beitr\u00e4gt. Eine Schachtel Maxx-Calzium enth\u00e4lt 60 Kapseln, was einem Monatsbedarf entspricht.  <\/p>\n<h3>Hauptvorteile<\/h3>\n<ul>\n<li><strong>Unterst\u00fctzt die Knochengesundheit<br \/>\n<\/strong>Calcium ist entscheidend f\u00fcr die Erhaltung starker Knochen. Maxx-Calzium liefert 500 mg nat\u00fcrliches Calcium pro Portion zur Unterst\u00fctzung der Knochendichte. <\/li>\n<li><strong>Verbesserte Calciumaufnahme<br \/>\n<\/strong><span class=\"relative -mx-px my-[-0.2rem] rounded px-px py-[0.2rem] bg-[#FCECC1] dark:bg-[#64572A] transition-colors duration-100 ease-in-out\">Vitamin D3 (15 \u00b5g pro Portion) unterst\u00fctzt die Calciumaufnahme im K\u00f6rper und sorgt f\u00fcr eine effektive Verwertung.<\/span><\/li>\n<li><strong>Nat\u00fcrliche Inhaltsstoffe<br \/>\n<\/strong>Hergestellt aus hochwertigen norwegischen Eierschalen \u2013 Maxx-Calzium ist eine nat\u00fcrliche Alternative zu herk\u00f6mmlichen Calciumerg\u00e4nzungen.<\/li>\n<li><strong>Wissenschaftlich entwickelt<br \/>\n<\/strong>In Norwegen entwickelt von Zobrius Pharma ASA \u2013 Spezialisten f\u00fcr nat\u00fcrliche und nachhaltige Nahrungserg\u00e4nzungsmittel.<\/li>\n<\/ul>\n<p>[\/vc_column_text][\/vc_column][\/vc_row][vc_row][vc_column][vc_separator css=&#8220;.vc_custom_1729850375316{padding-top: 5% !important;padding-bottom: 5% !important;}&#8220;][\/vc_column][\/vc_row][vc_row css=&#8220;.vc_custom_1729850434310{padding-bottom: 2% !important;}&#8220;][vc_column][vc_column_text css=&#8220;&#8220;]<\/p>\n<h3>Warum Maxx-Calzium\u00ae?<\/h3>\n<ul>\n<li>Ein Calciummangel erh\u00f6ht das Risiko f\u00fcr Knochenbr\u00fcche. Ohne ausreichende Calciumzufuhr durch eine abwechslungsreiche Ern\u00e4hrung oder Nahrungserg\u00e4nzungsmittel sinkt die Knochendichte ab dem 45Lebensjahr. Osteoporose, Risikofaktoren \u2013 <a href=\"http:\/\/nhi.no\/\">NHI.no<\/a>  <\/li>\n<li><a href=\"https:\/\/www.jstage.jst.go.jp\/article\/jnsv\/63\/2\/63_120\/_pdf\/-char\/en\">Eine japanisch-vietnamesische wissenschaftliche Studie*<\/a> zeigte, dass Calciumgranulat aus Eierschalen vom K\u00f6rper besser aufgenommen wird als Calciumgranulat aus Kalkstein. Maxx-Calzium war nicht Teil dieser Studie, jedoch besteht sein Hauptinhaltsstoff aus nat\u00fcrlichem Eierschalen-Calcium. <\/li>\n<li>Maxx-Calzium tr\u00e4gt zur Erhaltung einer normalen Knochenmasse bei.<\/li>\n<li>Vitamin D3 unterst\u00fctzt die verbesserte Calciumaufnahme im Darm.<\/li>\n<li>Vitamin K2 unterst\u00fctzt die effektivere Einlagerung von Calcium in die Knochenmasse.<\/li>\n<\/ul>\n<p>[\/vc_column_text][vc_separator color=&#8220;white&#8220; css=&#8220;.vc_custom_1744371258471{background-color: #FFFFFF !important;border-color: #FFFFFF !important;}&#8220;][vc_single_image image=&#8220;28181&#8243; img_size=&#8220;large&#8220; alignment=&#8220;center&#8220; css=&#8220;&#8220;][\/vc_column][\/vc_row][vc_row css=&#8220;.vc_custom_1744371324237{padding-top: 2% !important;padding-bottom: 2% !important;}&#8220;][vc_column width=&#8220;1\/2&#8243;][vc_column_text css=&#8220;&#8220;]<\/p>\n<h3 class=\"elementor-heading-title elementor-size-default\">Maxx-Calzium tr\u00e4gt zur Erhaltung einer normalen Knochenmasse bei.<\/p>\n<\/h3>\n<p>&nbsp;<\/p>\n<h5>Calcium<\/h5>\n<p>Ein essentieller Mineralstoff f\u00fcr Kinder und Erwachsene. Calcium tr\u00e4gt zum Erhalt einer normalen Knochenstruktur bei und ist Hauptbestandteil unseres Skeletts. Ein Mangel kann im Alter zu Osteoporose f\u00fchren.  <\/p>\n<h5>Vitamin D3 (Cholecalciferol)<\/h5>\n<p>F\u00f6rdert die normale Aufnahme und Verwertung von Calcium und tr\u00e4gt zur Erhaltung gesunder Knochen und Z\u00e4hne bei.<\/p>\n<h5>Vitamin K2 (Menachinon-7)<\/h5>\n<p>Wichtig f\u00fcr die gezielte Einlagerung von Calcium in das Skelett und die Erhaltung der normalen Knochenstruktur.<\/p>\n<h5>Magnesium<\/h5>\n<p>Nat\u00fcrlich in Eierschalen enthalten und ein wichtiger Mineralstoff f\u00fcr den K\u00f6rper.<\/p>\n<p>[\/vc_column_text][\/vc_column][vc_column width=&#8220;1\/2&#8243;][vc_single_image image=&#8220;28179&#8243; img_size=&#8220;full&#8220; css=&#8220;&#8220;][\/vc_column][\/vc_row][vc_row css=&#8220;.vc_custom_1744371365701{padding-top: 2% !important;}&#8220;][vc_column][vc_tta_accordion][vc_tta_section title=&#8220;Was ist Maxx-Calzium?&#8220; tab_id=&#8220;1729849252003-d3dd7219-7a6e&#8220;][vc_column_text css=&#8220;&#8220;]Ein Nahrungserg\u00e4nzungsmittel mit Calcium aus norwegischen Eierschalen sowie den Vitaminen K2 und D3. Alle Inhaltsstoffe wurden sorgf\u00e4ltig ausgew\u00e4hlt zur Unterst\u00fctzung der normalen Knochengesundheit.<\/p>\n<p>[\/vc_column_text][\/vc_tta_section][vc_tta_section title=&#8220;Wof\u00fcr wird Maxx-Calzium verwendet?&#8220; tab_id=&#8220;1729849252005-a6bf2131-c7df&#8220;][vc_column_text css=&#8220;&#8220;]Maxx-Calzium tr\u00e4gt zur Erhaltung einer normalen Knochenmasse bei.<\/p>\n<p>[\/vc_column_text][\/vc_tta_section][vc_tta_section title=&#8220;Wie verwende ich Maxx-Calzium?&#8220; tab_id=&#8220;1729849684547-68e73a89-4f2a&#8220;][vc_column_text css=&#8220;&#8220;]Empfohlene Tagesdosis: 2 Kapseln \u2013 je eine morgens und abends mit Wasser schlucken, nicht zerkauen.<br \/>Die empfohlene Tagesdosis darf nicht \u00fcberschritten werden.    Die empfohlene Tagesdosis sollte nicht \u00fcberschritten werden.<\/p>\n<p>[\/vc_column_text][\/vc_tta_section][vc_tta_section title=&#8220;Kann ich Maxx-Calzium einnehmen, wenn ich Medikamente nehme?&#8220; tab_id=&#8220;1729849735160-60c58dad-2040&#8243;][vc_column_text css=&#8220;&#8220;]<\/p>\n<div class=\"elementor-element elementor-element-f89ac8c e-con-full e-flex e-con e-child\" role=\"region\" aria-labelledby=\"e-n-accordion-item-1013\" data-id=\"f89ac8c\" data-element_type=\"container\">\n<div class=\"elementor-element elementor-element-ce06ee6 e-flex e-con-boxed e-con e-child\" role=\"region\" aria-labelledby=\"e-n-accordion-item-1013\" data-id=\"ce06ee6\" data-element_type=\"container\">\n<div class=\"e-con-inner\">\n<div class=\"elementor-element elementor-element-fe32259 elementor-widget elementor-widget-heading\" data-id=\"fe32259\" data-element_type=\"widget\" data-widget_type=\"heading.default\">\n<div class=\"elementor-widget-container\">\n<p class=\"elementor-heading-title elementor-size-default\">Bitte konsultieren Sie Ihren Arzt oder Apotheker, wenn Sie Medikamente einnehmen, k\u00fcrzlich eingenommen haben oder deren Anwendung planen.<\/p>\n<\/div>\n<\/div>\n<\/div>\n<\/div>\n<\/div>\n<p>[\/vc_column_text][\/vc_tta_section][vc_tta_section title=&#8220;Wie sollte Maxx-Calzium aufbewahrt werden?&#8220; tab_id=&#8220;1729859394460-5330f8a0-267c&#8220;][vc_column_text css=&#8220;&#8220;]<\/p>\n<div class=\"elementor-element elementor-element-7b781c1 e-con-full e-flex e-con e-child\" role=\"region\" aria-labelledby=\"e-n-accordion-item-1014\" data-id=\"7b781c1\" data-element_type=\"container\">\n<div class=\"elementor-element elementor-element-dde41f3 e-flex e-con-boxed e-con e-child\" role=\"region\" aria-labelledby=\"e-n-accordion-item-1014\" data-id=\"dde41f3\" data-element_type=\"container\">\n<div class=\"e-con-inner\">\n<div class=\"elementor-element elementor-element-1cd5ff7 elementor-widget elementor-widget-heading\" data-id=\"1cd5ff7\" data-element_type=\"widget\" data-widget_type=\"heading.default\">\n<div class=\"elementor-widget-container\">\n<p class=\"elementor-heading-title elementor-size-default\">Unter 25\u202f\u00b0C trocken lagern und au\u00dferhalb der Reichweite von Kindern aufbewahren.<\/p>\n<\/div>\n<\/div>\n<\/div>\n<\/div>\n<\/div>\n<p>[\/vc_column_text][\/vc_tta_section][\/vc_tta_accordion][\/vc_column][\/vc_row][vc_row css=&#8220;.vc_custom_1744371365701{padding-top: 2% !important;}&#8220;][vc_column css=&#8220;.vc_custom_1745837818305{padding-bottom: 3% !important;}&#8220;]<div class='dt-sc-testimonial-wrapper carousel_items type2  wpb_animate_when_almost_visible wpb_fadeIn fadeIn ' data-animation='scroll' data-delay='0'><ul class=\"dt-sc-testimonial-carousel\"><li><div class='dt-sc-testimonial type2 '><div class=\"dt-sc-testimonial-quote\"><blockquote> <q>Hallo!<\/p>\n<p>Mein Name ist Kjellfrid Svare und ich bin seit vielen Jahren aktiver Skifahrer und war in der Junioren-Nationalmannschaft im Skilanglauf. Jetzt bin ich ein aktiver Rentner, der es liebt, Sport zu treiben und sich zu bewegen, sowohl zu Fu\u00df als auch auf Skiern. <\/p>\n<p>Vor 6 Jahren wurde bei mir Osteoporose im Zusammenhang mit einer Handgelenksfraktur diagnostiziert.<\/p>\n<p>Trotz fach\u00e4rztlicher Behandlungen hat sich meine Knochendichte verschlechtert, und ich habe mehrere Frakturen an meinen Wirbeln und Rippen erlitten. Dies hat zeitweise zu gro\u00dfen Schmerzen, verminderter Bewegungsfreiheit und verminderter Lebensqualit\u00e4t gef\u00fchrt. <\/p>\n<p>Ein guter Freund von mir, Professor f\u00fcr Pharmazie, empfahl mir, das Kalziumpr\u00e4parat Maxx-Calzium\u2122 auszuprobieren. Maxx-Calzium\u2122 enth\u00e4lt Kalzium aus frischen norwegischen Eierschalen und wird zus\u00e4tzlich mit Vitamin D3 und Vitamin K2 erg\u00e4nzt. Bereits nach nur 6 Monaten mit Maxx-Calzium f\u00fchle ich mich viel besser. Und auch bei der letzten Vorsorgeuntersuchung zeigte sich, dass sich meine Knochendichte verbessert hatte.   <\/p>\n<p>Ich w\u00fcrde daher jedem \u00fcber 50 Jahren empfehlen, Maxx-Calzium\u2122 auszuprobieren.<\/q><\/blockquote><\/div><div class=\"dt-sc-testimonial-author\"><span><img loading=\"lazy\" decoding=\"async\" width=\"1024\" height=\"1156\" src=\"https:\/\/biocore-diagnostics.de\/wp-content\/uploads\/2025\/04\/Kjellfrid-Svare.webp\" class=\"attachment-full\" alt=\"Kjellfrid Svare Testimonial Image\" title=\"Kjellfrid Svare\" srcset=\"https:\/\/biocore-diagnostics.de\/wp-content\/uploads\/2025\/04\/Kjellfrid-Svare.webp 1024w, https:\/\/biocore-diagnostics.de\/wp-content\/uploads\/2025\/04\/Kjellfrid-Svare-266x300.webp 266w, https:\/\/biocore-diagnostics.de\/wp-content\/uploads\/2025\/04\/Kjellfrid-Svare-907x1024.webp 907w, https:\/\/biocore-diagnostics.de\/wp-content\/uploads\/2025\/04\/Kjellfrid-Svare-768x867.webp 768w, https:\/\/biocore-diagnostics.de\/wp-content\/uploads\/2025\/04\/Kjellfrid-Svare-750x847.webp 750w, https:\/\/biocore-diagnostics.de\/wp-content\/uploads\/2025\/04\/Kjellfrid-Svare-540x610.webp 540w, https:\/\/biocore-diagnostics.de\/wp-content\/uploads\/2025\/04\/Kjellfrid-Svare-1000x1129.webp 1000w\" sizes=\"auto, (max-width: 1024px) 100vw, 1024px\" \/><\/span><cite>Kjellfrid Svare<small>Oslo, Norway 04.04.2025<\/small><\/cite><\/div><\/div><\/li><li><div class='dt-sc-testimonial type2 '><div class=\"dt-sc-testimonial-quote\"><blockquote> <q>I have always been an active person in sports. After 40 years of endurance and strength training, it was a shock when osteoporosis was diagnosed and I was no longer supposed to ski, among other things. In 2017, I started a treatment with alendronate and a calcium supplement made from limestone. In November 2020, I switched to Maxx-Calzium, a calcium supplement made from fresh Norwegian eggshells. This product also contains vitamins D3 and K2, which help the body absorb calcium effectively. The results were quickly visible! After just one year, my bone density showed a further improvement, and at the last check-up, the best bone density for my age was diagnosed. Today I feel fitter again than I have in many years and of course I continue with Maxx-Calzium to maintain this condition. It&#8217;s great to enjoy skiing again without fear. I can highly recommend Maxx-Calzium from Zobrius Pharma to all women and men over 50.<\/q><\/blockquote><\/div><div class=\"dt-sc-testimonial-author\"><span><img loading=\"lazy\" decoding=\"async\" width=\"1025\" height=\"1024\" src=\"https:\/\/biocore-diagnostics.de\/wp-content\/uploads\/2025\/04\/Ernst-Staudacher-Konigswinter-testimonial-Image-.webp\" class=\"attachment-full\" alt=\"Ernst Staudacher K\u00f6nigswinter testimonial-Image\" title=\"Ernst Staudacher K\u00f6nigswinter testimonial-Image\" srcset=\"https:\/\/biocore-diagnostics.de\/wp-content\/uploads\/2025\/04\/Ernst-Staudacher-Konigswinter-testimonial-Image-.webp 1025w, https:\/\/biocore-diagnostics.de\/wp-content\/uploads\/2025\/04\/Ernst-Staudacher-Konigswinter-testimonial-Image--300x300.webp 300w, https:\/\/biocore-diagnostics.de\/wp-content\/uploads\/2025\/04\/Ernst-Staudacher-Konigswinter-testimonial-Image--150x150.webp 150w, https:\/\/biocore-diagnostics.de\/wp-content\/uploads\/2025\/04\/Ernst-Staudacher-Konigswinter-testimonial-Image--768x767.webp 768w, https:\/\/biocore-diagnostics.de\/wp-content\/uploads\/2025\/04\/Ernst-Staudacher-Konigswinter-testimonial-Image--750x749.webp 750w, https:\/\/biocore-diagnostics.de\/wp-content\/uploads\/2025\/04\/Ernst-Staudacher-Konigswinter-testimonial-Image--540x539.webp 540w, https:\/\/biocore-diagnostics.de\/wp-content\/uploads\/2025\/04\/Ernst-Staudacher-Konigswinter-testimonial-Image--1000x999.webp 1000w, https:\/\/biocore-diagnostics.de\/wp-content\/uploads\/2025\/04\/Ernst-Staudacher-Konigswinter-testimonial-Image--250x250.webp 250w\" sizes=\"auto, (max-width: 1025px) 100vw, 1025px\" \/><\/span><cite>Ernst Staudacher K\u00f6nigswinter<small>04.April 2025<\/small><\/cite><\/div><\/div><\/li><\/ul><div class=\"carousel-arrows\">\t<a href=\"#\" class=\"testimonial-prev\"> <\/a>\t<a href=\"#\" class=\"testimonial-next\"> <\/a><\/div><\/div>[\/vc_column][\/vc_row][vc_row css=&#8220;.vc_custom_1745838101172{padding-top: 2% !important;padding-bottom: 2% !important;}&#8220;][vc_column][vc_column_text css=&#8220;&#8220;]<\/p>\n<div class=\"elementor-element elementor-element-02f08ac elementor-widget elementor-widget-heading\" data-id=\"02f08ac\" data-element_type=\"widget\" data-widget_type=\"heading.default\">\n<div class=\"elementor-widget-container\">\n<h2 class=\"elementor-heading-title elementor-size-default\">N\u00e4hrwertangaben<\/h2>\n<\/div>\n<\/div>\n<div class=\"elementor-element elementor-element-d9d9df4 elementor-widget elementor-widget-text-editor\" data-id=\"d9d9df4\" data-element_type=\"widget\" data-widget_type=\"text-editor.default\">\n<div class=\"elementor-widget-container\">\n<table class=\"responsive\" width=\"100%\">\n<thead>\n<tr>\n<th align=\"left\">Inhaltsstoff<\/th>\n<th align=\"left\">Menge<\/th>\n<th align=\"left\">% NRV*<\/th>\n<\/tr>\n<\/thead>\n<tbody>\n<tr>\n<td align=\"left\">Calcium<\/td>\n<td align=\"left\">500 mg<\/td>\n<td align=\"left\">63<\/td>\n<\/tr>\n<tr>\n<td align=\"left\">Vitamin K2<\/td>\n<td align=\"left\">25 \u03bcg<\/td>\n<td align=\"left\">33.3<\/td>\n<\/tr>\n<tr>\n<td align=\"left\">Vitamin D (as D3 600 IU)<\/td>\n<td align=\"left\">15 \u00b5g<\/td>\n<td align=\"left\">300<\/td>\n<\/tr>\n<tr>\n<td align=\"left\">Magnesium<\/td>\n<td align=\"left\">7 mg<\/td>\n<td align=\"left\">2<\/td>\n<\/tr>\n<tr>\n<td colspan=\"3\" align=\"left\">*NRV = N\u00e4hrstoffbezugswerte gem\u00e4\u00df EU-Verordnung<\/td>\n<\/tr>\n<tr>\n<td colspan=\"3\" align=\"left\">Zutaten: Mineralien: Calciumcarbonat, Magnesium; Vitamine: Menachinon-7 (Vitamin K2), Cholecalciferol (Vitamin D3); F\u00fcllstoffe: Magnesiumsalze von Speisefetts\u00e4uren. Kapsel: Hydroxypropyl methylcellulose (pflanzliche Cellulose). <\/td>\n<\/tr>\n<\/tbody>\n<\/table>\n<\/div>\n<\/div>\n<div class=\"elementor-element elementor-element-163ad13 e-con-full e-flex e-con e-child\" data-id=\"163ad13\" data-element_type=\"container\" data-settings=\"{\"background_background\":\"classic\"}\">\n<div class=\"elementor-element elementor-element-b280aa2 elementor-widget elementor-widget-text-editor\" data-id=\"b280aa2\" data-element_type=\"widget\" data-widget_type=\"text-editor.default\">\n<div class=\"elementor-widget-container\">\n<p>&nbsp;<\/p>\n<p><strong>Anweisungen:<\/strong> Nehmen Sie morgens 1 Kapsel und abends 1 Kapsel ein. Mit Wasser schlucken. \u00dcberschreiten Sie nicht die Tagesdosis. Nicht geeignet f\u00fcr Kinder.  <\/p>\n<p>Die empfohlene Tagesdosis sollte nicht \u00fcberschritten werden.<\/p>\n<p><strong>Nahrungserg\u00e4nzungsmittel <\/strong>sollten keine abwechslungsreiche und ausgewogene Ern\u00e4hrung ersetzen. Nicht zur Anwendung bei Kindern bestimmt. <\/p>\n<p><strong>Allergiehinweis<\/strong>: Allergene siehe Zutatenliste.<\/p>\n<p><strong>Lagerung:<\/strong> unter 25 \u00b0C an einem trockenen Ort au\u00dfer Sicht- und Reichweite von Kindern aufbewahren. Nicht verwenden, wenn der Sicherheitsverschluss gebrochen ist.<\/p>\n<\/div>\n<\/div>\n<\/div>\n<p>[\/vc_column_text][\/vc_column][\/vc_row]<\/p>\n<\/div>","protected":false},"excerpt":{"rendered":"<p>Ein nat\u00fcrliches Calciumerg\u00e4nzungsmittel aus norwegischen Eierschalen mit den Vitaminen D3 und K2.<\/p>\n","protected":false},"featured_media":28174,"comment_status":"closed","ping_status":"closed","template":"","meta":{"_acf_changed":false},"product_brand":[],"product_cat":[428,429],"product_tag":[],"class_list":{"0":"post-28188","1":"product","2":"type-product","3":"status-publish","4":"has-post-thumbnail","6":"product_cat-supplements","7":"product_cat-wellness-health","10":"instock","11":"taxable","12":"shipping-taxable","13":"product-type-simple","14":"product-grid-view"},"acf":[],"_links":{"self":[{"href":"https:\/\/biocore-diagnostics.de\/de\/wp-json\/wp\/v2\/product\/28188","targetHints":{"allow":["GET"]}}],"collection":[{"href":"https:\/\/biocore-diagnostics.de\/de\/wp-json\/wp\/v2\/product"}],"about":[{"href":"https:\/\/biocore-diagnostics.de\/de\/wp-json\/wp\/v2\/types\/product"}],"replies":[{"embeddable":true,"href":"https:\/\/biocore-diagnostics.de\/de\/wp-json\/wp\/v2\/comments?post=28188"}],"wp:featuredmedia":[{"embeddable":true,"href":"https:\/\/biocore-diagnostics.de\/de\/wp-json\/wp\/v2\/media\/28174"}],"wp:attachment":[{"href":"https:\/\/biocore-diagnostics.de\/de\/wp-json\/wp\/v2\/media?parent=28188"}],"wp:term":[{"taxonomy":"product_brand","embeddable":true,"href":"https:\/\/biocore-diagnostics.de\/de\/wp-json\/wp\/v2\/product_brand?post=28188"},{"taxonomy":"product_cat","embeddable":true,"href":"https:\/\/biocore-diagnostics.de\/de\/wp-json\/wp\/v2\/product_cat?post=28188"},{"taxonomy":"product_tag","embeddable":true,"href":"https:\/\/biocore-diagnostics.de\/de\/wp-json\/wp\/v2\/product_tag?post=28188"}],"curies":[{"name":"wp","href":"https:\/\/api.w.org\/{rel}","templated":true}]}}