{"id":28231,"date":"2025-05-26T10:47:39","date_gmt":"2025-05-26T08:47:39","guid":{"rendered":"https:\/\/biocore-diagnostics.de\/product\/exklusiv-super-wph-natuerliches-hydrolysiertes-whey-protein-500g-1kg\/"},"modified":"2025-06-02T09:53:00","modified_gmt":"2025-06-02T07:53:00","slug":"exklusiv-super-wph-natuerliches-hydrolysiertes-whey-protein-500g-1kg","status":"publish","type":"product","link":"https:\/\/biocore-diagnostics.de\/de\/produkt\/exklusiv-super-wph-natuerliches-hydrolysiertes-whey-protein-500g-1kg\/","title":{"rendered":"Exklusiv Super-WPH Nat\u00fcrliches hydrolysiertes Whey protein 500g\/1kg"},"content":{"rendered":"<div class=\"wpb-content-wrapper\"><p>[vc_row][vc_column][vc_column_text css=&#8220;&#8220;]<\/p>\n<h3>Warum Patent Whey?<\/h3>\n<h4>Exklusiv Super-WPH Nat\u00fcrliches hydrolysiertes Whey protein 500g\/1kg<\/h4>\n<p>\u2022 Hydrolysiertes Molkenproteinpulver<br \/>\n\u2022 100%ige BIO-Wertigkeit<br \/>\n\u2022 Einziges vollkommen fermentiertes Whey Protein<br \/>\n\u2022 Empfohlen von \u00c4rzten<br \/>\n\u2022 80% Aminos\u00e4uren, Di- und Tri-Peptide gem\u00e4\u00df GPC- und NPN-Analysen<br \/>\n\u2022 Optimiertes Eiwei\u00dfpulver f\u00fcr eine muskelaufbauende Ern\u00e4hrung<br \/>\n\u2022 BCAA-reich<br \/>\n\u2022 Mikrofeinst zerkleinert, superschnell verdaulich<br \/>\n\u2022 Beste BIO-Verf\u00fcgbarkeit im D\u00fcnndarm<br \/>\n\u2022 Keine Gasbildung und Dickdarm-Reizung<br \/>\n\u2022 Lactose-frei<br \/>\n\u2022 Unter 1% Fett<br \/>\n\u2022 Made in Germany[\/vc_column_text][\/vc_column][\/vc_row][vc_row][vc_column][vc_separator css=&#8220;.vc_custom_1729850375316{padding-top: 5% !important;padding-bottom: 5% !important;}&#8220;][\/vc_column][\/vc_row][vc_row css=&#8220;.vc_custom_1729850434310{padding-bottom: 2% !important;}&#8220;][vc_column][vc_column_text css=&#8220;&#8220;]<\/p>\n<h3>Super WPH: Ihre nat\u00fcrliche, schnell aufnehmbare Proteinl\u00f6sung<\/h3>\n<p data-start=\"66\" data-end=\"378\">Super WPH bietet eine vollst\u00e4ndige, nat\u00fcrliche L\u00f6sung f\u00fcr Ihre Proteinbed\u00fcrfnisse. Mit seiner einzigartigen fermentierten Molkenformel liefert es einen charakteristischen Geschmack sowie die Vorteile freier Peptide und Aminos\u00e4uren. Dar\u00fcber hinaus bietet es den exklusiven 3M-Vorteil \u2013 die N\u00e4hrstoffe gelangen in nur wenigen Minuten von Ihrem Magen zu Ihren Muskeln.  <\/p>\n<p data-start=\"380\" data-end=\"663\"><img loading=\"lazy\" decoding=\"async\" class=\"alignnone wp-image-28225 size-large\" src=\"https:\/\/biocore-diagnostics.de\/wp-content\/uploads\/2025\/05\/Whey-Protein-Rebel-Happiness_1800x1800-1024x954.webp\" alt=\"Whey Protein\" width=\"1024\" height=\"954\" srcset=\"https:\/\/biocore-diagnostics.de\/wp-content\/uploads\/2025\/05\/Whey-Protein-Rebel-Happiness_1800x1800-1024x954.webp 1024w, https:\/\/biocore-diagnostics.de\/wp-content\/uploads\/2025\/05\/Whey-Protein-Rebel-Happiness_1800x1800-300x279.webp 300w, https:\/\/biocore-diagnostics.de\/wp-content\/uploads\/2025\/05\/Whey-Protein-Rebel-Happiness_1800x1800-768x715.webp 768w, https:\/\/biocore-diagnostics.de\/wp-content\/uploads\/2025\/05\/Whey-Protein-Rebel-Happiness_1800x1800-750x699.webp 750w, https:\/\/biocore-diagnostics.de\/wp-content\/uploads\/2025\/05\/Whey-Protein-Rebel-Happiness_1800x1800-540x503.webp 540w, https:\/\/biocore-diagnostics.de\/wp-content\/uploads\/2025\/05\/Whey-Protein-Rebel-Happiness_1800x1800-1000x931.webp 1000w, https:\/\/biocore-diagnostics.de\/wp-content\/uploads\/2025\/05\/Whey-Protein-Rebel-Happiness_1800x1800.webp 1400w\" sizes=\"auto, (max-width: 1024px) 100vw, 1024px\" \/><\/p>\n<p data-start=\"380\" data-end=\"663\">Am besten genie\u00dfen Sie Super WPH mit Wasser oder Ihrem Lieblingssaft \u2013 sei es Mango, Kirsche, Passionsfrucht oder Grapefruit. Es l\u00e4sst sich auch hervorragend mit Fruchtsirupen mischen. Da es sich um ein rein nat\u00fcrliches Produkt handelt, k\u00f6nnen Sie den Geschmack nach Ihrem pers\u00f6nlichen Vorlieben anpassen. <\/p>\n<p data-start=\"665\" data-end=\"1037\">Der Geschmack wird bei h\u00f6herer Dosierung intensiver, sodass Sie Ihr Erlebnis ganz nach Ihren Vorlieben abstimmen k\u00f6nnen. Wenn Sie nat\u00fcrliche Produkte wie Kefir oder Sauermilch sch\u00e4tzen, ist Super WPH die ideale Wahl f\u00fcr Sie. Im Gegensatz zu herk\u00f6mmlichen Produkten mit nur 3,5% Proteinanteil bietet unser organisches, fermentiertes Molkenprotein eine hochwertige Proteinquelle, die schnell absorbiert wird und dabei besonders magenfreundlich ist.  <\/p>\n<p data-start=\"1039\" data-end=\"1356\">Mischen Sie einfach 10 g Super WPH mit 300 ml Wasser oder Kokosmilch f\u00fcr eine schnelle, einfache Zubereitung, die 8 g A20plus (alle 20 Aminos\u00e4uren + Peptide) liefert \u2013 sofort verf\u00fcgbar f\u00fcr Ihren K\u00f6rper. Diese effiziente Aufnahme unterst\u00fctzt nicht nur Ihre Energielevels, sondern f\u00f6rdert auch die Regeneration und hilft, den Alterungsprozess zu verlangsamen. <\/p>\n<p data-start=\"1358\" data-end=\"1762\">Super WPH ist besonders schonend f\u00fcr Ihren Verdauungstrakt und erm\u00f6glicht eine schnelle Absorption aller 20 Aminos\u00e4uren sowie Di- und Tri-Peptide durch den D\u00fcnndarm. Ob bei der Erholung nach intensiver Muskelanstrengung oder der Verk\u00fcrzung der Erholungszeit, Super WPH hilft, Aminos\u00e4uren rasch wieder aufzuf\u00fcllen und ist daher die perfekte L\u00f6sung f\u00fcr Sportler, die ihre Regenerationszeit von drei Tagen auf nur einen Tag reduzieren m\u00f6chten. <\/p>\n<p data-start=\"1764\" data-end=\"1932\" data-is-last-node=\"\" data-is-only-node=\"\">Profitieren Sie von den Vorteilen eines reinen, nat\u00fcrlichen Proteins, das sowohl Ihre Leistung als auch Ihr Wohlbefinden unterst\u00fctzt. Super WPH ist die schnelle, effiziente und leckere Art, Ihren K\u00f6rper zu versorgen. <\/p>\n<p>[\/vc_column_text][\/vc_column][\/vc_row][vc_row][vc_column][vc_tta_accordion][vc_tta_section title=&#8220;Perfekt Whey Protein Pulver f\u00fcr Hochleistungssportler und Hartarbeitende&#8220; tab_id=&#8220;1729849252003-d3dd7219-7a6e&#8220;][vc_column_text css=&#8220;&#8220;]Ideal f\u00fcr Hochleistungssportler und hart arbeitende Personen: Super-WPH kann vor, w\u00e4hrend und nach dem Training genossen werden. Seine leichte Verdaulichkeit verursacht keine Magenbeschwerden oder Bl\u00e4hungen, sodass Sie sich auf Ihre Leistung konzentrieren k\u00f6nnen[\/vc_column_text][\/vc_tta_section][vc_tta_section title=&#8220;Unterst\u00fctzung f\u00fcr Ihre t\u00e4gliche Ern\u00e4hrung und Gesundheit&#8220; tab_id=&#8220;1729849252005-a6bf2131-c7df&#8220;][vc_column_text css=&#8220;&#8220;]Mit 100\u202f% organischem Wert und au\u00dfergew\u00f6hnlicher Bioverf\u00fcgbarkeit ist es die perfekte Erg\u00e4nzung zu Ihrer t\u00e4glichen Ern\u00e4hrung. (um das Gleichgewicht zu erhalten) Dies ist besonders vorteilhaft f\u00fcr Menschen \u00fcber 50, Personen, die Medikamente einnehmen, oder alle, die abnehmen m\u00f6chten und dennoch ihre Muskelmasse erhalten wollen.[\/vc_column_text][\/vc_tta_section][vc_tta_section title=&#8220;Die ideale Proteinpulver f\u00fcr alle&#8220; tab_id=&#8220;1729849684547-68e73a89-4f2a&#8220;][vc_column_text css=&#8220;&#8220;]Viele Menschen haben Schwierigkeiten, die empfohlenen 15\u201320\u202f% ihrer Kalorienaufnahme durch Proteine zu decken, was sich auf Fitness, Muskelgesundheit, Muskelaufbau, Regeneration und Alterungsprozesse auswirken kann. Dies ist besonders wichtig f\u00fcr k\u00f6rperlich aktive Personen, Vegetarier oder diejenigen, die nach einer organischen Molkenproteinl\u00f6sung suchen.[\/vc_column_text][\/vc_tta_section][vc_tta_section title=&#8220;Ihre L\u00f6sung bei Unvertr\u00e4glichkeiten&#8220; tab_id=&#8220;1729849735160-60c58dad-2040&#8243;][vc_column_text css=&#8220;&#8220;]Das einzigartige PATENT WHEY eignet sich auch f\u00fcr alle, die mit intaktem Protein in WPC oder WPI nicht richtig zufrieden sind \u2013 insbesondere in puncto Magendruck, Darmwinde, Bl\u00e4hungen oder gar Verstopfungen. Sie haben hier die Chance mit SUPER-WPH 100% zufrieden und gl\u00fccklicher zu sein.<\/p>\n<p>[\/vc_column_text][\/vc_tta_section][vc_tta_section title=&#8220;Beschleunigen Sie die Muskelregeneration mit schneller Aminos\u00e4ureaufnahme&#8220; tab_id=&#8220;1729859394460-5330f8a0-267c&#8220;][vc_column_text css=&#8220;&#8220;]Genau wie Glukose nimmt Ihr K\u00f6rper alle 20 Aminos\u00e4uren\u2014sowie Di- und Tripeptide\u2014schnell \u00fcber die Zellen des D\u00fcnndarms auf. Selbst bei intensiver Muskelbelastung k\u00f6nnen verlorene <a href=\"https:\/\/www.sciencedirect.com\/science\/article\/abs\/pii\/S0963996924003818\">Aminos\u00e4uren <\/a>sofort in den Muskeln wieder aufgef\u00fcllt werden. Dies macht unser Produkt ideal f\u00fcr Sportler, die ihre Erholungszeiten erheblich verk\u00fcrzen m\u00f6chten.[\/vc_column_text][\/vc_tta_section][vc_tta_section title=&#8220;F\u00f6rdern Sie die Zellregeneration mit nur einem Essl\u00f6ffel&#8220; tab_id=&#8220;1729859492212-85022ebb-6462&#8243;][vc_column_text css=&#8220;&#8220;]Die Wissenschaft zeigt, dass jede Sekunde mindestens 10 Millionen neue Zellen und Blutzellen gebildet werden\u2014das sind rund 100 Milliarden Zellen innerhalb von nur 3 bis 4 Stunden! Bereits die Einnahme von 10\u202fg oder einem Essl\u00f6ffel unserer aminos\u00e4urereichen Formel reicht aus, um diese schnelle Zellproduktion w\u00e4hrend des Trainings zu unterst\u00fctzen. Es ist ein essentielles Supplement f\u00fcr Jugendliche und Erwachsene, die Sport treiben, insbesondere f\u00fcr K\u00f6rper- und Fitnessbewusste.[\/vc_column_text][\/vc_tta_section][vc_tta_section title=&#8220;Unterst\u00fctzen Sie gesundes Altern mit essenziellen Proteinbausteinen&#8220; tab_id=&#8220;1729859916973-6b219029-505a&#8220;][vc_column_text css=&#8220;&#8220;]Eine angemessene Versorgung mit Proteinbausteinen erkl\u00e4rt, warum das biologische Alter mancher Menschen bis zu 20\u202f% j\u00fcnger\u2014oder \u00e4lter\u2014erscheinen kann als ihr tats\u00e4chliches Alter. Wenn Sie Ihren Tag mit einem proteinarmen Fr\u00fchst\u00fcck beginnen, wie nur Kaffee, Br\u00f6tchen und Marmelade, erh\u00e4lt Ihr K\u00f6rper morgens m\u00f6glicherweise nicht die ben\u00f6tigten Aminos\u00e4uren. Die Integration unseres Produkts in Ihre Routine kann sicherstellen, dass Sie diese essenziellen N\u00e4hrstoffe erhalten, um gesundes Altern zu unterst\u00fctzen.[\/vc_column_text][\/vc_tta_section][\/vc_tta_accordion][vc_row_inner][vc_column_inner][vc_video link=&#8220;https:\/\/www.youtube.com\/watch?v=XzXCHJdvPmA&#8220; css=&#8220;&#8220;][\/vc_column_inner][\/vc_row_inner][\/vc_column][\/vc_row][vc_row css=&#8220;.vc_custom_1748254002616{padding-top: 1% !important;padding-bottom: 1% !important;}&#8220;][vc_column][vc_column_text css=&#8220;&#8220;]<\/p>\n<h4>Zubereitung:<\/h4>\n<p>F\u00fcr eine Portion 20 \u2013 30g Pulver (etwa 2\u20133 Essl\u00f6ffel) in 300 ml Kokosdrink oder Wasser geben und im Shaker geben und aufsch\u00fctteln. Falls h\u00f6here S\u00e4ttigung gew\u00fcnscht wird und die Erm\u00fcdung kein Problem sein sollte, kann mit Milchprodukten gemischt werden. Das reicht von Magermilch \u00fcber Joghurt bis hin zu Buttermilch oder Kefir.  <\/p>\n<p><strong><a href=\"https:\/\/cdn.shopify.com\/s\/files\/1\/0558\/0318\/3304\/files\/Rezeptebuch_REBEL-FOR-HAPPINESS_compressed.pdf?v=1649334311\" target=\"_blank\" rel=\"noopener\">Jetzt leckere Rezept-Ideen als PDF-Datei herunterladen<\/a><\/strong><\/p>\n<p>[\/vc_column_text][\/vc_column][\/vc_row][vc_row][vc_column][vc_column_text css=&#8220;&#8220;]<\/p>\n<h4><strong>Inhaltsstoffe:<\/strong><\/h4>\n<p><strong><br \/>\n<\/strong>Molken\/Whey-Protein-Hydrolysat<\/p>\n<p><strong>Hinweis: Spuren von Gluten, H\u00fchnerei-Eiwei\u00df und Schalenfr\u00fcchte k\u00f6nnen nicht ausgeschlossen werden.<\/strong><\/p>\n<div class=\"table-wrapper\">\n<table width=\"100%\">\n<tbody>\n<tr>\n<td>Brennwert \/ 100 g<\/td>\n<td>420 kcal\u2009\/\u20091760 kj<\/td>\n<\/tr>\n<tr>\n<td>Protein<\/td>\n<td>90g<\/td>\n<\/tr>\n<tr>\n<td>carbohydrates<\/p>\n<p>&#8211; davon Zucker<\/td>\n<td>&lt; 1g<\/p>\n<p>&lt; 1g<\/td>\n<\/tr>\n<tr>\n<td>Fett <\/p>\n<p>&#8211; davon ges\u00e4ttigte Fetts\u00e4uren<\/td>\n<td>&lt; 1g<\/p>\n<p>&lt;0.7g<\/td>\n<\/tr>\n<tr>\n<td>Salz<\/td>\n<td>0.82g<\/td>\n<\/tr>\n<tr>\n<td>Natrium<\/td>\n<td>1.4g<\/td>\n<\/tr>\n<tr>\n<td>potassium<\/td>\n<td>1.0g<\/td>\n<\/tr>\n<tr>\n<td>Kalzium<\/td>\n<td>0.4g<\/td>\n<\/tr>\n<tr>\n<td>magnesium<\/td>\n<td>0.1g<\/td>\n<\/tr>\n<tr>\n<td>Chlorid<\/td>\n<td>0.7g<\/td>\n<\/tr>\n<\/tbody>\n<\/table>\n<\/div>\n<p>In den USA bekannt als: <a href=\"https:\/\/proteinfactory.com\/update-total-frag-250-chewables-and-testing\/\" target=\"_blank\" rel=\"noopener\">TOTAL FRAG 250<\/a><br \/>\nMehr Informationen unter: <a href=\"https:\/\/www.thecrimson.com\/sponsored\/article\/Protein-Factory-Hydrolyzed\/\" target=\"_blank\" rel=\"noopener\">Havard Crimson Report<\/a>[\/vc_column_text][\/vc_column][\/vc_row]<\/p>\n<\/div>","protected":false},"excerpt":{"rendered":"<p>Exklusiv Super-WPH Nat\u00fcrliches hydrolysiertes Whey protein 500g\/1kg<strong><br \/>\n<\/strong><\/p>\n","protected":false},"featured_media":28224,"comment_status":"closed","ping_status":"closed","template":"","meta":{"_acf_changed":false},"product_brand":[439],"product_cat":[428,429],"product_tag":[],"class_list":{"0":"post-28231","1":"product","2":"type-product","3":"status-publish","4":"has-post-thumbnail","6":"product_brand-rebel-for-happiness-dr-priemer","7":"product_cat-supplements","8":"product_cat-wellness-health","11":"instock","12":"taxable","13":"shipping-taxable","14":"purchasable","15":"product-type-simple","16":"product-grid-view"},"acf":[],"_links":{"self":[{"href":"https:\/\/biocore-diagnostics.de\/de\/wp-json\/wp\/v2\/product\/28231","targetHints":{"allow":["GET"]}}],"collection":[{"href":"https:\/\/biocore-diagnostics.de\/de\/wp-json\/wp\/v2\/product"}],"about":[{"href":"https:\/\/biocore-diagnostics.de\/de\/wp-json\/wp\/v2\/types\/product"}],"replies":[{"embeddable":true,"href":"https:\/\/biocore-diagnostics.de\/de\/wp-json\/wp\/v2\/comments?post=28231"}],"wp:featuredmedia":[{"embeddable":true,"href":"https:\/\/biocore-diagnostics.de\/de\/wp-json\/wp\/v2\/media\/28224"}],"wp:attachment":[{"href":"https:\/\/biocore-diagnostics.de\/de\/wp-json\/wp\/v2\/media?parent=28231"}],"wp:term":[{"taxonomy":"product_brand","embeddable":true,"href":"https:\/\/biocore-diagnostics.de\/de\/wp-json\/wp\/v2\/product_brand?post=28231"},{"taxonomy":"product_cat","embeddable":true,"href":"https:\/\/biocore-diagnostics.de\/de\/wp-json\/wp\/v2\/product_cat?post=28231"},{"taxonomy":"product_tag","embeddable":true,"href":"https:\/\/biocore-diagnostics.de\/de\/wp-json\/wp\/v2\/product_tag?post=28231"}],"curies":[{"name":"wp","href":"https:\/\/api.w.org\/{rel}","templated":true}]}}