{"id":28265,"date":"2025-06-10T12:36:21","date_gmt":"2025-06-10T10:36:21","guid":{"rendered":"https:\/\/biocore-diagnostics.de\/product\/htlv-blot-2-4-ce\/"},"modified":"2025-06-10T16:20:37","modified_gmt":"2025-06-10T14:20:37","slug":"htlv-blot-2-4-ce","status":"publish","type":"product","link":"https:\/\/biocore-diagnostics.de\/de\/produkt\/htlv-blot-2-4-ce\/","title":{"rendered":"HTLV Blot 2.4 (CE)"},"content":{"rendered":"<div class=\"wpb-content-wrapper\"><p>[vc_row][vc_column][vc_column_text css=&#8220;&#8220;]<a href=\"https:\/\/www.mpbio.com\"><img loading=\"lazy\" decoding=\"async\" class=\"aligncenter wp-image-28261\" src=\"https:\/\/biocore-diagnostics.de\/wp-content\/uploads\/2025\/06\/2021_10_MP-Biomedicals-Logo-with-Wordmark-copy-01.webp\" alt=\"MP Biomedicals Logo\" width=\"140\" height=\"140\"><\/a>[\/vc_column_text][\/vc_column][vc_column][vc_column_text css=&#8220;.vc_custom_1749558631677{padding-top: 1% !important;padding-bottom: 1% !important;}&#8220;]HTLV Blot 2.4 (CE) ist ein qualitativer Enzymimmunoassay zum in-vitro-Nachweis von Antik\u00f6rpern gegen das humane T-Zell-Leuk\u00e4mievirus Typ 1 und Typ 2 in humanem Serum oder Plasma. Er ist als spezifischer Erg\u00e4nzungstest f\u00fcr humane Serum- oder Plasmaproben vorgesehen, bei denen zuvor wiederholt reaktive Ergebnisse in Screening-Verfahren wie ELISA festgestellt wurden. <\/p>\n<h4>Verwendungszweck<\/h4>\n<p>Nur f\u00fcr die professionelle Anwendung.<\/p>\n<p>&nbsp;<\/p>\n<div id=\"specifications\" class=\"accordion__item allow active\" role=\"tab\" data-role=\"collapsible\" data-accordion=\"accordion-2\" data-collapsible=\"true\" aria-selected=\"true\" aria-expanded=\"true\">\n<h3 class=\"accordion__title\" tabindex=\"0\" data-label=\"specifications\" data-role=\"trigger\">Specifications<\/h3>\n<div class=\"accordion__icon accordion__icon--close\"><\/div>\n<\/div>\n<div class=\"accordion__content allow\" role=\"tabpanel\" data-role=\"content\" data-content=\"accordion-2\" aria-labelledby=\"specifications\" aria-hidden=\"false\">\n<table id=\"product-attribute-specs-table\" class=\"table table--attribute\" aria-label=\"Specifications\">\n<tbody>\n<tr>\n<td scope=\"row\">SKU<\/td>\n<td id=\"specification-product-sku\" data-th=\"0711080-CF\">0711080-CF<\/td>\n<\/tr>\n<tr>\n<td scope=\"row\">Analyte \/ Target<\/td>\n<td data-th=\"Analyte \/ Target\">HTLV I\/II antibodies<\/td>\n<\/tr>\n<tr>\n<td scope=\"row\">Katalognummer<\/td>\n<td data-th=\"Base Catalog Number\">11080018<\/td>\n<\/tr>\n<tr>\n<td scope=\"row\">Diagnostische Plattformen<\/td>\n<td data-th=\"Diagnostic Platforms\">Immunoblot<\/td>\n<\/tr>\n<tr>\n<td scope=\"row\">Diagnostische L\u00f6sungen<\/td>\n<td data-th=\"Diagnostic Solutions\">Infectious Disease<\/td>\n<\/tr>\n<tr>\n<td scope=\"row\">Nachgewiesene Krankheit<\/td>\n<td data-th=\"Disease Screened\">Human T-lymphotropic virus (HTLV)<\/td>\n<\/tr>\n<tr>\n<td scope=\"row\">Probentyp<\/td>\n<td data-th=\"Sample Type\">Human Plasma, Human Serum<\/td>\n<\/tr>\n<tr>\n<td scope=\"row\">Reaktivit\u00e4t der Spezies<\/td>\n<td data-th=\"Species Reactivity\">Mensch<\/td>\n<\/tr>\n<tr>\n<td scope=\"row\">Verwendungszweck<\/td>\n<td data-th=\"Usage Statement\">Nur f\u00fcr die professionelle Anwendung.<\/td>\n<\/tr>\n<\/tbody>\n<\/table>\n<\/div>\n<p>&nbsp;<\/p>\n<p>&nbsp;<\/p>\n<p>[\/vc_column_text][\/vc_column][\/vc_row][vc_row css=&#8220;.vc_custom_1749558514637{padding-top: 1% !important;padding-bottom: 1% !important;}&#8220;][vc_column]<div class='dt-sc-toggle-frame-set   ' data-delay='0'><h5 class='dt-sc-toggle-accordion '><a href='#'>&#8220;Documents&#8220;<\/a><\/h5><div class=\"dt-sc-toggle-content\" style=\"display: none;\"><div class=\"block\">[vc_column_text css=&#8220;&#8220;]<\/p>\n<h5>Anleitungen<\/h5>\n<p><a class=\"document__link\" href=\"https:\/\/www.mpbio.com\/media\/document\/file\/manual\/dest\/d\/x\/0\/9\/2\/DX092019-ES-HTLV-Blot-2.4-CE-0711080-Manual.pdf\" target=\"_blank\" rel=\"noopener noreferrer\">DX092019-ES-HTLV-Blot-2.4-CE-0711080-Manual <\/a><\/p>\n<p><a class=\"document__link\" href=\"https:\/\/www.mpbio.com\/media\/document\/file\/manual\/dest\/d\/x\/0\/9\/2\/DX092109-FR-HTLV-Blot-2.4-CE-0711080-Manual.pdf\" target=\"_blank\" rel=\"noopener noreferrer\">DX092109-FR-HTLV-Blot-2.4-CE-0711080-Manual <\/a><\/p>\n<p><a class=\"document__link\" href=\"https:\/\/www.mpbio.com\/media\/document\/file\/manual\/dest\/d\/x\/0\/9\/2\/DX092019-PT-HTLV-Blot-2.4-CE-0711080-Manual.pdf\" target=\"_blank\" rel=\"noopener noreferrer\">DX092019-PT-HTLV-Blot-2.4-CE-0711080-Manual <\/a><\/p>\n<p><a class=\"document__link\" href=\"https:\/\/www.mpbio.com\/media\/document\/file\/manual\/dest\/d\/x\/0\/9\/2\/DX092019-EN-HTLV-Blot-2.4-CE-0711080-Manual.pdf\" target=\"_blank\" rel=\"noopener noreferrer\">DX092019-EN-HTLV-Blot-2.4-CE-0711080-Manual <\/a><\/p>\n<p><a class=\"document__link\" href=\"https:\/\/www.mpbio.com\/media\/document\/file\/manual\/dest\/d\/x\/0\/9\/2\/DX092019-EN-HTLV-Blot-2.4-RUO-0711080-Manual.pdf\" target=\"_blank\" rel=\"noopener noreferrer\">DX092019-EN-HTLV-Blot-2.4-RUO-0711080-Manual <\/a><\/p>\n<p><a class=\"document__link\" href=\"https:\/\/www.mpbio.com\/media\/document\/file\/manual\/dest\/d\/x\/0\/9\/2\/DX092019-DE-HTLV-Blot-2.4-CE-0711080-Manual.pdf\" target=\"_blank\" rel=\"noopener noreferrer\"> DX092019-DE-HTLV-Blot-2.4-CE-0711080-Manual <\/a><\/p>\n<p><a class=\"document__link\" href=\"https:\/\/www.mpbio.com\/media\/document\/file\/manual\/dest\/d\/x\/0\/9\/2\/DX092019-IT-HTLV-Blot-2.4-CE-0711080-Manual.pdf\" target=\"_blank\" rel=\"noopener noreferrer\">DX092019-IT-HTLV-Blot-2.4-CE-0711080-Manual <\/a><\/p>\n<h5>Brosch\u00fcren<\/h5>\n<p><a class=\"document__link\" href=\"https:\/\/www.mpbio.com\/media\/document\/file\/brochure\/dest\/d\/x\/1\/0\/2\/DX102019-EN-HTLV-Blot-2.4-CE.pdf\" target=\"_blank\" rel=\"noopener noreferrer\"> DX102019-EN-HTLV-Blot-2.4-CE <\/a>[\/vc_column_text]<\/div><\/div><\/div>[\/vc_column][\/vc_row][vc_row][vc_column][vc_column_text css=&#8220;.vc_custom_1749564994531{padding-top: 2% !important;padding-bottom: 2% !important;}&#8220;]<\/p>\n<h4>Referenzen<\/h4>\n<p>https:\/\/www.mpbio.com\/us\/htlv-blot-2-4-ce[\/vc_column_text][\/vc_column][\/vc_row]<\/p>\n<\/div>","protected":false},"excerpt":{"rendered":"<p>HTLV Blot 2.4 ist ein qualitativer Enzymimmunoassay zum in-vitro-Nachweis von Antik\u00f6rpern gegen das humane T-Zell-Leuk\u00e4mievirus Typ 1 und Typ 2 in humanem Serum oder Plasma. Er ist als spezifischer Erg\u00e4nzungstest f\u00fcr humane Serum- oder Plasmaproben vorgesehen, bei denen zuvor wiederholt reaktive Ergebnisse in Screening-Verfahren wie ELISA festgestellt wurden. <\/p>\n","protected":false},"featured_media":28264,"comment_status":"closed","ping_status":"closed","template":"","meta":{"_acf_changed":false},"product_brand":[444],"product_cat":[433,434],"product_tag":[],"class_list":{"0":"post-28265","1":"product","2":"type-product","3":"status-publish","4":"has-post-thumbnail","6":"product_brand-mp-biomedicals-de","7":"product_cat-enzymimmunoassays","8":"product_cat-infektionsserologie","11":"instock","12":"taxable","13":"shipping-taxable","14":"purchasable","15":"product-type-variable","16":"product-grid-view"},"acf":[],"_links":{"self":[{"href":"https:\/\/biocore-diagnostics.de\/de\/wp-json\/wp\/v2\/product\/28265","targetHints":{"allow":["GET"]}}],"collection":[{"href":"https:\/\/biocore-diagnostics.de\/de\/wp-json\/wp\/v2\/product"}],"about":[{"href":"https:\/\/biocore-diagnostics.de\/de\/wp-json\/wp\/v2\/types\/product"}],"replies":[{"embeddable":true,"href":"https:\/\/biocore-diagnostics.de\/de\/wp-json\/wp\/v2\/comments?post=28265"}],"wp:featuredmedia":[{"embeddable":true,"href":"https:\/\/biocore-diagnostics.de\/de\/wp-json\/wp\/v2\/media\/28264"}],"wp:attachment":[{"href":"https:\/\/biocore-diagnostics.de\/de\/wp-json\/wp\/v2\/media?parent=28265"}],"wp:term":[{"taxonomy":"product_brand","embeddable":true,"href":"https:\/\/biocore-diagnostics.de\/de\/wp-json\/wp\/v2\/product_brand?post=28265"},{"taxonomy":"product_cat","embeddable":true,"href":"https:\/\/biocore-diagnostics.de\/de\/wp-json\/wp\/v2\/product_cat?post=28265"},{"taxonomy":"product_tag","embeddable":true,"href":"https:\/\/biocore-diagnostics.de\/de\/wp-json\/wp\/v2\/product_tag?post=28265"}],"curies":[{"name":"wp","href":"https:\/\/api.w.org\/{rel}","templated":true}]}}